{"id":481,"date":"2024-08-19T17:28:36","date_gmt":"2024-08-19T15:28:36","guid":{"rendered":"https:\/\/neylentech.com\/?page_id=481"},"modified":"2024-08-22T18:48:27","modified_gmt":"2024-08-22T16:48:27","slug":"securite","status":"publish","type":"page","link":"https:\/\/neylentech.com\/index.php\/securite\/","title":{"rendered":"S\u00e9curit\u00e9"},"content":{"rendered":"\t\t<div data-elementor-type=\"wp-page\" data-elementor-id=\"481\" class=\"elementor elementor-481\">\n\t\t\t\t\t\t<section class=\"elementor-section elementor-top-section elementor-element elementor-element-4a9e7f74 elementor-section-content-middle elementor-section-full_width elementor-reverse-mobile elementor-reverse-tablet elementor-section-height-default elementor-section-height-default\" data-id=\"4a9e7f74\" data-element_type=\"section\" data-settings=\"{&quot;background_background&quot;:&quot;classic&quot;}\">\n\t\t\t\t\t\t<div class=\"elementor-container elementor-column-gap-no\">\n\t\t\t\t\t<div class=\"aux-parallax-section elementor-column elementor-col-50 elementor-top-column elementor-element elementor-element-7eb9718\" data-id=\"7eb9718\" data-element_type=\"column\">\n\t\t\t<div class=\"elementor-widget-wrap elementor-element-populated\">\n\t\t\t\t\t\t<div class=\"elementor-element elementor-element-2426ae2c elementor-widget elementor-widget-image\" data-id=\"2426ae2c\" data-element_type=\"widget\" data-widget_type=\"image.default\">\n\t\t\t\t<div class=\"elementor-widget-container\">\n\t\t\t\t\t\t\t\t\t\t\t\t\t<img decoding=\"async\" src=\"https:\/\/neylentech.com\/wp-content\/uploads\/2024\/08\/businessman-logging-his-tablet-scaled.jpg\" title=\"Businessman logging in to his tablet\" alt=\"Businessman logging in to his tablet\" loading=\"lazy\" \/>\t\t\t\t\t\t\t\t\t\t\t\t\t<\/div>\n\t\t\t\t<\/div>\n\t\t\t\t\t<\/div>\n\t\t<\/div>\n\t\t\t\t<div class=\"aux-parallax-section elementor-column elementor-col-50 elementor-top-column elementor-element elementor-element-5abb8a7e\" data-id=\"5abb8a7e\" data-element_type=\"column\">\n\t\t\t<div class=\"elementor-widget-wrap elementor-element-populated\">\n\t\t\t\t\t\t<div class=\"elementor-element elementor-element-174a7424 elementor-widget elementor-widget-heading\" data-id=\"174a7424\" data-element_type=\"widget\" data-widget_type=\"heading.default\">\n\t\t\t\t<div class=\"elementor-widget-container\">\n\t\t\t<h1 class=\"elementor-heading-title elementor-size-default\">S\u00e9curit\u00e9<\/h1>\t\t<\/div>\n\t\t\t\t<\/div>\n\t\t\t\t<div class=\"elementor-element elementor-element-1bd64bbd elementor-widget elementor-widget-text-editor\" data-id=\"1bd64bbd\" data-element_type=\"widget\" data-widget_type=\"text-editor.default\">\n\t\t\t\t<div class=\"elementor-widget-container\">\n\t\t\t\t\t\t\t<p>Neylen Tech se positionne comme un acteur majeur dans la conception et l\u2019int\u00e9gration de syst\u00e8mes de s\u00e9curit\u00e9 hautement performants, r\u00e9pondant aux besoins sp\u00e9cifiques des infrastructures critiques et des projets d\u2019envergure, tant dans le secteur public que priv\u00e9.<\/p>\t\t\t\t\t\t<\/div>\n\t\t\t\t<\/div>\n\t\t\t\t\t<\/div>\n\t\t<\/div>\n\t\t\t\t\t<\/div>\n\t\t<\/section>\n\t\t\t\t<section class=\"elementor-section elementor-top-section elementor-element elementor-element-4a432ab3 elementor-section-content-middle elementor-section-full_width elementor-section-height-default elementor-section-height-default\" data-id=\"4a432ab3\" data-element_type=\"section\" data-settings=\"{&quot;background_background&quot;:&quot;classic&quot;}\">\n\t\t\t\t\t\t<div class=\"elementor-container elementor-column-gap-no\">\n\t\t\t\t\t<div class=\"aux-parallax-section elementor-column elementor-col-50 elementor-top-column elementor-element elementor-element-43f57800\" data-id=\"43f57800\" data-element_type=\"column\">\n\t\t\t<div class=\"elementor-widget-wrap elementor-element-populated\">\n\t\t\t\t\t\t<div class=\"elementor-element elementor-element-7e0faeaf elementor-widget elementor-widget-heading\" data-id=\"7e0faeaf\" data-element_type=\"widget\" data-widget_type=\"heading.default\">\n\t\t\t\t<div class=\"elementor-widget-container\">\n\t\t\t<h2 class=\"elementor-heading-title elementor-size-default\">Contr\u00f4le d'Acc\u00e8s<\/h2>\t\t<\/div>\n\t\t\t\t<\/div>\n\t\t\t\t<div class=\"elementor-element elementor-element-6a5ca25f elementor-widget elementor-widget-text-editor\" data-id=\"6a5ca25f\" data-element_type=\"widget\" data-widget_type=\"text-editor.default\">\n\t\t\t\t<div class=\"elementor-widget-container\">\n\t\t\t\t\t\t\t<p>Que vous deviez s\u00e9curiser un ou plusieurs b\u00e2timents, et peu importe le nombre d&#8217;utilisateurs, Neylen Tech offre des solutions de contr\u00f4le d&#8217;acc\u00e8s flexibles et personnalisables, adapt\u00e9es aux exigences de chaque client : multi-sites, multi-b\u00e2timents, multi-postes&#8230;<\/p>\t\t\t\t\t\t<\/div>\n\t\t\t\t<\/div>\n\t\t\t\t\t<\/div>\n\t\t<\/div>\n\t\t\t\t<div class=\"aux-parallax-section elementor-column elementor-col-50 elementor-top-column elementor-element elementor-element-59c95044\" data-id=\"59c95044\" data-element_type=\"column\">\n\t\t\t<div class=\"elementor-widget-wrap elementor-element-populated\">\n\t\t\t\t\t\t<div class=\"elementor-element elementor-element-5d5f47f5 elementor-widget elementor-widget-image\" data-id=\"5d5f47f5\" data-element_type=\"widget\" data-widget_type=\"image.default\">\n\t\t\t\t<div class=\"elementor-widget-container\">\n\t\t\t\t\t\t\t\t\t\t\t\t\t<img decoding=\"async\" src=\"https:\/\/neylentech.com\/wp-content\/uploads\/2024\/08\/scanning-finger-coronavirus-contaminated-fingerprint-access-control-scaled.jpg\" title=\"Scanning finger on a coronavirus contaminated fingerprint access control\" alt=\"Scanning finger on a coronavirus contaminated fingerprint access control\" loading=\"lazy\" \/>\t\t\t\t\t\t\t\t\t\t\t\t\t<\/div>\n\t\t\t\t<\/div>\n\t\t\t\t\t<\/div>\n\t\t<\/div>\n\t\t\t\t\t<\/div>\n\t\t<\/section>\n\t\t\t\t<section class=\"elementor-section elementor-top-section elementor-element elementor-element-6505e364 elementor-section-content-middle elementor-section-full_width elementor-reverse-mobile elementor-section-height-default elementor-section-height-default\" data-id=\"6505e364\" data-element_type=\"section\" data-settings=\"{&quot;background_background&quot;:&quot;classic&quot;}\">\n\t\t\t\t\t\t<div class=\"elementor-container elementor-column-gap-no\">\n\t\t\t\t\t<div class=\"aux-parallax-section elementor-column elementor-col-50 elementor-top-column elementor-element elementor-element-4a75ed0e\" data-id=\"4a75ed0e\" data-element_type=\"column\">\n\t\t\t<div class=\"elementor-widget-wrap elementor-element-populated\">\n\t\t\t\t\t\t<div class=\"elementor-element elementor-element-285cfbc5 elementor-widget elementor-widget-image\" data-id=\"285cfbc5\" data-element_type=\"widget\" data-widget_type=\"image.default\">\n\t\t\t\t<div class=\"elementor-widget-container\">\n\t\t\t\t\t\t\t\t\t\t\t\t\t<img decoding=\"async\" src=\"https:\/\/neylentech.com\/wp-content\/uploads\/2024\/08\/thieves-wear-black-hats-pry-windows-steal-things-scaled.jpg\" title=\"Thieves wear black hats, pry windows, steal things.\" alt=\"Thieves wear black hats, pry windows, steal things.\" loading=\"lazy\" \/>\t\t\t\t\t\t\t\t\t\t\t\t\t<\/div>\n\t\t\t\t<\/div>\n\t\t\t\t\t<\/div>\n\t\t<\/div>\n\t\t\t\t<div class=\"aux-parallax-section elementor-column elementor-col-50 elementor-top-column elementor-element elementor-element-3bba27be\" data-id=\"3bba27be\" data-element_type=\"column\">\n\t\t\t<div class=\"elementor-widget-wrap elementor-element-populated\">\n\t\t\t\t\t\t<div class=\"elementor-element elementor-element-6cfb03bf elementor-widget elementor-widget-heading\" data-id=\"6cfb03bf\" data-element_type=\"widget\" data-widget_type=\"heading.default\">\n\t\t\t\t<div class=\"elementor-widget-container\">\n\t\t\t<h2 class=\"elementor-heading-title elementor-size-default\">D\u00e9tection d'Intrusion<\/h2>\t\t<\/div>\n\t\t\t\t<\/div>\n\t\t\t\t<div class=\"elementor-element elementor-element-5a7f5559 elementor-widget elementor-widget-text-editor\" data-id=\"5a7f5559\" data-element_type=\"widget\" data-widget_type=\"text-editor.default\">\n\t\t\t\t<div class=\"elementor-widget-container\">\n\t\t\t\t\t\t\t<p>Gr\u00e2ce \u00e0 des d\u00e9tecteurs, capteurs, et autres dispositifs de s\u00e9curit\u00e9 \u00e9lectroniques issus des meilleurs fabricants, Neylen Tech d\u00e9ploiera un syst\u00e8me de s\u00e9curit\u00e9 anti-intrusion complet, capable de rep\u00e9rer toute tentative d&#8217;acc\u00e8s non autoris\u00e9 \u00e0 vos locaux, assurant ainsi la protection de vos biens, de vos \u00e9quipes, et de vos ressources.<\/p>\t\t\t\t\t\t<\/div>\n\t\t\t\t<\/div>\n\t\t\t\t\t<\/div>\n\t\t<\/div>\n\t\t\t\t\t<\/div>\n\t\t<\/section>\n\t\t\t\t<section class=\"elementor-section elementor-top-section elementor-element elementor-element-6266ed1d elementor-section-content-middle elementor-section-full_width elementor-section-height-default elementor-section-height-default\" data-id=\"6266ed1d\" data-element_type=\"section\" data-settings=\"{&quot;background_background&quot;:&quot;classic&quot;}\">\n\t\t\t\t\t\t<div class=\"elementor-container elementor-column-gap-no\">\n\t\t\t\t\t<div class=\"aux-parallax-section elementor-column elementor-col-50 elementor-top-column elementor-element elementor-element-25464947\" data-id=\"25464947\" data-element_type=\"column\">\n\t\t\t<div class=\"elementor-widget-wrap elementor-element-populated\">\n\t\t\t\t\t\t<div class=\"elementor-element elementor-element-4767ef46 elementor-widget elementor-widget-heading\" data-id=\"4767ef46\" data-element_type=\"widget\" data-widget_type=\"heading.default\">\n\t\t\t\t<div class=\"elementor-widget-container\">\n\t\t\t<h2 class=\"elementor-heading-title elementor-size-default\">D\u00e9tection d'Armes et de Menaces<\/h2>\t\t<\/div>\n\t\t\t\t<\/div>\n\t\t\t\t<div class=\"elementor-element elementor-element-31844d8d elementor-widget elementor-widget-text-editor\" data-id=\"31844d8d\" data-element_type=\"widget\" data-widget_type=\"text-editor.default\">\n\t\t\t\t<div class=\"elementor-widget-container\">\n\t\t\t\t\t\t\t<p>Renforcez vos mesures de s\u00e9curit\u00e9 contre les armes dissimul\u00e9es, les menaces et les intrus avec nos syst\u00e8mes de d\u00e9tection sp\u00e9cialis\u00e9s. Neylen Tech vous assiste dans la mise \u00e0 niveau de votre syst\u00e8me actuel ou la cr\u00e9ation d&#8217;un tout nouveau dispositif, pour garantir la s\u00e9curit\u00e9 et le bien-\u00eatre de votre personnel.<\/p>\t\t\t\t\t\t<\/div>\n\t\t\t\t<\/div>\n\t\t\t\t\t<\/div>\n\t\t<\/div>\n\t\t\t\t<div class=\"aux-parallax-section elementor-column elementor-col-50 elementor-top-column elementor-element elementor-element-64b180a8\" data-id=\"64b180a8\" data-element_type=\"column\">\n\t\t\t<div class=\"elementor-widget-wrap elementor-element-populated\">\n\t\t\t\t\t\t<div class=\"elementor-element elementor-element-26af260 elementor-widget elementor-widget-image\" data-id=\"26af260\" data-element_type=\"widget\" data-widget_type=\"image.default\">\n\t\t\t\t<div class=\"elementor-widget-container\">\n\t\t\t\t\t\t\t\t\t\t\t\t\t<img decoding=\"async\" src=\"https:\/\/neylentech.com\/wp-content\/uploads\/2024\/08\/check-baggage-airport-x-ray-scanner-scaled.jpg\" title=\"Check baggage at the airport x-ray scanner\" alt=\"Check baggage at the airport x-ray scanner\" loading=\"lazy\" \/>\t\t\t\t\t\t\t\t\t\t\t\t\t<\/div>\n\t\t\t\t<\/div>\n\t\t\t\t\t<\/div>\n\t\t<\/div>\n\t\t\t\t\t<\/div>\n\t\t<\/section>\n\t\t\t\t<section class=\"elementor-section elementor-top-section elementor-element elementor-element-e32c02c elementor-section-content-middle elementor-section-full_width elementor-reverse-mobile elementor-section-height-default elementor-section-height-default\" data-id=\"e32c02c\" data-element_type=\"section\" data-settings=\"{&quot;background_background&quot;:&quot;classic&quot;}\">\n\t\t\t\t\t\t<div class=\"elementor-container elementor-column-gap-no\">\n\t\t\t\t\t<div class=\"aux-parallax-section elementor-column elementor-col-50 elementor-top-column elementor-element elementor-element-6d22542\" data-id=\"6d22542\" data-element_type=\"column\">\n\t\t\t<div class=\"elementor-widget-wrap elementor-element-populated\">\n\t\t\t\t\t\t<div class=\"elementor-element elementor-element-4ef5298 elementor-widget elementor-widget-image\" data-id=\"4ef5298\" data-element_type=\"widget\" data-widget_type=\"image.default\">\n\t\t\t\t<div class=\"elementor-widget-container\">\n\t\t\t\t\t\t\t\t\t\t\t\t\t<img decoding=\"async\" src=\"https:\/\/neylentech.com\/wp-content\/uploads\/2024\/08\/business-man-financial-inspector-secretary-making-report-calculating-checking-balance-internal-revenue-service-inspector-checking-document-audit-concept-scaled.jpg\" title=\"business man financial inspector and secretary making report, ca\" alt=\"business man financial inspector and secretary making report, calculating or checking balance. Internal Revenue Service inspector checking document. Audit concept\" loading=\"lazy\" \/>\t\t\t\t\t\t\t\t\t\t\t\t\t<\/div>\n\t\t\t\t<\/div>\n\t\t\t\t\t<\/div>\n\t\t<\/div>\n\t\t\t\t<div class=\"aux-parallax-section elementor-column elementor-col-50 elementor-top-column elementor-element elementor-element-7c4368b\" data-id=\"7c4368b\" data-element_type=\"column\">\n\t\t\t<div class=\"elementor-widget-wrap elementor-element-populated\">\n\t\t\t\t\t\t<div class=\"elementor-element elementor-element-96ed174 elementor-widget elementor-widget-heading\" data-id=\"96ed174\" data-element_type=\"widget\" data-widget_type=\"heading.default\">\n\t\t\t\t<div class=\"elementor-widget-container\">\n\t\t\t<h2 class=\"elementor-heading-title elementor-size-default\">Audit de Conformit\u00e9 aux Normes<\/h2>\t\t<\/div>\n\t\t\t\t<\/div>\n\t\t\t\t<div class=\"elementor-element elementor-element-91d582f elementor-widget elementor-widget-text-editor\" data-id=\"91d582f\" data-element_type=\"widget\" data-widget_type=\"text-editor.default\">\n\t\t\t\t<div class=\"elementor-widget-container\">\n\t\t\t\t\t\t\t<p>Nos audits de s\u00e9curit\u00e9 permettent de clarifier l\u2019\u00e9tat de votre environnement. Neylen Tech \u00e9value votre niveau de s\u00e9curit\u00e9 actuel en le comparant aux meilleures pratiques de l\u2019industrie et aux exigences de conformit\u00e9. Nous examinons diff\u00e9rents aspects de la s\u00e9curit\u00e9 pour vous fournir des recommandations d\u00e9taill\u00e9es, \u00e9tape par \u00e9tape, afin de prot\u00e9ger votre organisation.<\/p>\t\t\t\t\t\t<\/div>\n\t\t\t\t<\/div>\n\t\t\t\t\t<\/div>\n\t\t<\/div>\n\t\t\t\t\t<\/div>\n\t\t<\/section>\n\t\t\t\t<section class=\"elementor-section elementor-top-section elementor-element elementor-element-8993a80 elementor-section-content-middle elementor-section-full_width elementor-section-height-default elementor-section-height-default\" data-id=\"8993a80\" data-element_type=\"section\" data-settings=\"{&quot;background_background&quot;:&quot;classic&quot;}\">\n\t\t\t\t\t\t<div class=\"elementor-container elementor-column-gap-no\">\n\t\t\t\t\t<div class=\"aux-parallax-section elementor-column elementor-col-50 elementor-top-column elementor-element elementor-element-0a4bf49\" data-id=\"0a4bf49\" data-element_type=\"column\">\n\t\t\t<div class=\"elementor-widget-wrap elementor-element-populated\">\n\t\t\t\t\t\t<div class=\"elementor-element elementor-element-55b60da elementor-widget elementor-widget-heading\" data-id=\"55b60da\" data-element_type=\"widget\" data-widget_type=\"heading.default\">\n\t\t\t\t<div class=\"elementor-widget-container\">\n\t\t\t<h2 class=\"elementor-heading-title elementor-size-default\">S\u00e9curit\u00e9 Int\u00e9gr\u00e9e<\/h2>\t\t<\/div>\n\t\t\t\t<\/div>\n\t\t\t\t<div class=\"elementor-element elementor-element-b972ddc elementor-widget elementor-widget-text-editor\" data-id=\"b972ddc\" data-element_type=\"widget\" data-widget_type=\"text-editor.default\">\n\t\t\t\t<div class=\"elementor-widget-container\">\n\t\t\t\t\t\t\t<p>Neylen Tech utilise la technologie pour optimiser le d\u00e9ploiement des services et la gestion des ressources de s\u00e9curit\u00e9. Nos solutions compl\u00e8tes de syst\u00e8mes de s\u00e9curit\u00e9 avanc\u00e9s renforcent la surveillance, la pr\u00e9vention et la gestion des risques. Neylen Tech vous assiste \u00e0 chaque \u00e9tape, de la conception et l&#8217;installation jusqu&#8217;\u00e0 la maintenance et le support.<\/p>\t\t\t\t\t\t<\/div>\n\t\t\t\t<\/div>\n\t\t\t\t\t<\/div>\n\t\t<\/div>\n\t\t\t\t<div class=\"aux-parallax-section elementor-column elementor-col-50 elementor-top-column elementor-element elementor-element-7dd92d2\" data-id=\"7dd92d2\" data-element_type=\"column\">\n\t\t\t<div class=\"elementor-widget-wrap elementor-element-populated\">\n\t\t\t\t\t\t<div class=\"elementor-element elementor-element-fd5ade7 elementor-widget elementor-widget-image\" data-id=\"fd5ade7\" data-element_type=\"widget\" data-widget_type=\"image.default\">\n\t\t\t\t<div class=\"elementor-widget-container\">\n\t\t\t\t\t\t\t\t\t\t\t\t\t<img decoding=\"async\" src=\"https:\/\/neylentech.com\/wp-content\/uploads\/2024\/08\/portrait-male-security-guard-with-radio-station-camera-screens-scaled.jpg\" title=\"portrait-male-security-guard-with-radio-station-camera-screens\" alt=\"portrait-male-security-guard-with-radio-station-camera-screens\" loading=\"lazy\" \/>\t\t\t\t\t\t\t\t\t\t\t\t\t<\/div>\n\t\t\t\t<\/div>\n\t\t\t\t\t<\/div>\n\t\t<\/div>\n\t\t\t\t\t<\/div>\n\t\t<\/section>\n\t\t\t\t<section class=\"elementor-section elementor-top-section elementor-element elementor-element-568fe78b elementor-section-content-middle elementor-reverse-tablet elementor-reverse-mobile elementor-section-boxed elementor-section-height-default elementor-section-height-default\" data-id=\"568fe78b\" data-element_type=\"section\" data-settings=\"{&quot;background_background&quot;:&quot;classic&quot;}\">\n\t\t\t\t\t\t<div class=\"elementor-container elementor-column-gap-no\">\n\t\t\t\t\t<div class=\"aux-parallax-section elementor-column elementor-col-100 elementor-top-column elementor-element elementor-element-76005a19\" data-id=\"76005a19\" data-element_type=\"column\">\n\t\t\t<div class=\"elementor-widget-wrap elementor-element-populated\">\n\t\t\t\t\t\t<div class=\"elementor-element elementor-element-32b934e5 elementor-widget elementor-widget-heading\" data-id=\"32b934e5\" data-element_type=\"widget\" data-widget_type=\"heading.default\">\n\t\t\t\t<div class=\"elementor-widget-container\">\n\t\t\t<h3 class=\"elementor-heading-title elementor-size-default\">Restons en Contact<\/h3>\t\t<\/div>\n\t\t\t\t<\/div>\n\t\t\t\t<div class=\"elementor-element elementor-element-352d436a elementor-widget elementor-widget-text-editor\" data-id=\"352d436a\" data-element_type=\"widget\" data-widget_type=\"text-editor.default\">\n\t\t\t\t<div class=\"elementor-widget-container\">\n\t\t\t\t\t\t\t<p>Contactez notre \u00e9quipe pour discuter de vos besoins sp\u00e9cifiques.<\/p>\t\t\t\t\t\t<\/div>\n\t\t\t\t<\/div>\n\t\t\t\t<div class=\"elementor-element elementor-element-3a61cb13 elementor-mobile-align-center elementor-align-center elementor-widget elementor-widget-button\" data-id=\"3a61cb13\" data-element_type=\"widget\" data-widget_type=\"button.default\">\n\t\t\t\t<div class=\"elementor-widget-container\">\n\t\t\t\t\t<div class=\"elementor-button-wrapper\">\n\t\t\t<a class=\"elementor-button elementor-button-link elementor-size-sm\" href=\"https:\/\/neylentech.com\/index.php\/contact\/\">\n\t\t\t\t\t\t<span class=\"elementor-button-content-wrapper\">\n\t\t\t\t\t\t\t\t\t<span class=\"elementor-button-text\">Nous Consulter<\/span>\n\t\t\t\t\t<\/span>\n\t\t\t\t\t<\/a>\n\t\t<\/div>\n\t\t\t\t<\/div>\n\t\t\t\t<\/div>\n\t\t\t\t\t<\/div>\n\t\t<\/div>\n\t\t\t\t\t<\/div>\n\t\t<\/section>\n\t\t\t\t<\/div>\n\t\t","protected":false},"excerpt":{"rendered":"<p>S\u00e9curit\u00e9 Neylen Tech se positionne comme un acteur majeur dans la conception et l\u2019int\u00e9gration de syst\u00e8mes de s\u00e9curit\u00e9 hautement performants, r\u00e9pondant aux besoins sp\u00e9cifiques des infrastructures critiques et des projets d\u2019envergure, tant dans le secteur public que priv\u00e9. Contr\u00f4le d&#8217;Acc\u00e8s Que vous deviez s\u00e9curiser un ou plusieurs b\u00e2timents, et peu importe le nombre d&#8217;utilisateurs, Neylen [&hellip;]<\/p>\n","protected":false},"author":1,"featured_media":0,"parent":0,"menu_order":0,"comment_status":"closed","ping_status":"closed","template":"","meta":{"footnotes":""},"class_list":["post-481","page","type-page","status-publish","hentry"],"_links":{"self":[{"href":"https:\/\/neylentech.com\/index.php\/wp-json\/wp\/v2\/pages\/481","targetHints":{"allow":["GET"]}}],"collection":[{"href":"https:\/\/neylentech.com\/index.php\/wp-json\/wp\/v2\/pages"}],"about":[{"href":"https:\/\/neylentech.com\/index.php\/wp-json\/wp\/v2\/types\/page"}],"author":[{"embeddable":true,"href":"https:\/\/neylentech.com\/index.php\/wp-json\/wp\/v2\/users\/1"}],"replies":[{"embeddable":true,"href":"https:\/\/neylentech.com\/index.php\/wp-json\/wp\/v2\/comments?post=481"}],"version-history":[{"count":73,"href":"https:\/\/neylentech.com\/index.php\/wp-json\/wp\/v2\/pages\/481\/revisions"}],"predecessor-version":[{"id":878,"href":"https:\/\/neylentech.com\/index.php\/wp-json\/wp\/v2\/pages\/481\/revisions\/878"}],"wp:attachment":[{"href":"https:\/\/neylentech.com\/index.php\/wp-json\/wp\/v2\/media?parent=481"}],"curies":[{"name":"wp","href":"https:\/\/api.w.org\/{rel}","templated":true}]}}