{"id":506,"date":"2024-08-19T18:04:34","date_gmt":"2024-08-19T16:04:34","guid":{"rendered":"https:\/\/neylentech.com\/?page_id=506"},"modified":"2024-08-22T18:49:29","modified_gmt":"2024-08-22T16:49:29","slug":"telesurveillance","status":"publish","type":"page","link":"https:\/\/neylentech.com\/index.php\/telesurveillance\/","title":{"rendered":"T\u00e9l\u00e9surveillance"},"content":{"rendered":"\t\t<div data-elementor-type=\"wp-page\" data-elementor-id=\"506\" class=\"elementor elementor-506\">\n\t\t\t\t\t\t<section class=\"elementor-section elementor-top-section elementor-element elementor-element-59fa3f8e elementor-section-content-middle elementor-section-full_width elementor-reverse-mobile elementor-reverse-tablet elementor-section-height-default elementor-section-height-default\" data-id=\"59fa3f8e\" data-element_type=\"section\" data-settings=\"{&quot;background_background&quot;:&quot;classic&quot;}\">\n\t\t\t\t\t\t<div class=\"elementor-container elementor-column-gap-no\">\n\t\t\t\t\t<div class=\"aux-parallax-section elementor-column elementor-col-50 elementor-top-column elementor-element elementor-element-7b2e7212\" data-id=\"7b2e7212\" data-element_type=\"column\">\n\t\t\t<div class=\"elementor-widget-wrap elementor-element-populated\">\n\t\t\t\t\t\t<div class=\"elementor-element elementor-element-69d0e307 elementor-widget elementor-widget-image\" data-id=\"69d0e307\" data-element_type=\"widget\" data-widget_type=\"image.default\">\n\t\t\t\t<div class=\"elementor-widget-container\">\n\t\t\t\t\t\t\t\t\t\t\t\t\t<img decoding=\"async\" src=\"https:\/\/neylentech.com\/wp-content\/uploads\/2024\/08\/portrait-male-security-guard-with-radio-station-camera-screens-1-scaled.jpg\" title=\"portrait-male-security-guard-with-radio-station-camera-screens (1)\" alt=\"portrait-male-security-guard-with-radio-station-camera-screens (1)\" loading=\"lazy\" \/>\t\t\t\t\t\t\t\t\t\t\t\t\t<\/div>\n\t\t\t\t<\/div>\n\t\t\t\t\t<\/div>\n\t\t<\/div>\n\t\t\t\t<div class=\"aux-parallax-section elementor-column elementor-col-50 elementor-top-column elementor-element elementor-element-2b2d0d4\" data-id=\"2b2d0d4\" data-element_type=\"column\">\n\t\t\t<div class=\"elementor-widget-wrap elementor-element-populated\">\n\t\t\t\t\t\t<div class=\"elementor-element elementor-element-569335d4 elementor-widget elementor-widget-heading\" data-id=\"569335d4\" data-element_type=\"widget\" data-widget_type=\"heading.default\">\n\t\t\t\t<div class=\"elementor-widget-container\">\n\t\t\t<h1 class=\"elementor-heading-title elementor-size-default\">T\u00e9l\u00e9surveillance<\/h1>\t\t<\/div>\n\t\t\t\t<\/div>\n\t\t\t\t<div class=\"elementor-element elementor-element-1e601c58 elementor-widget elementor-widget-text-editor\" data-id=\"1e601c58\" data-element_type=\"widget\" data-widget_type=\"text-editor.default\">\n\t\t\t\t<div class=\"elementor-widget-container\">\n\t\t\t\t\t\t\t<p>Neylen Tech con\u00e7oit des solutions de t\u00e9l\u00e9surveillance sur mesure, adapt\u00e9es \u00e0 vos besoins sp\u00e9cifiques, qu\u2019il s\u2019agisse d\u2019un site unique ou d\u2019un r\u00e9seau \u00e9tendu. Nos syst\u00e8mes, \u00e0 la pointe de la technologie, s\u2019int\u00e8grent parfaitement \u00e0 votre environnement existant.<\/p>\t\t\t\t\t\t<\/div>\n\t\t\t\t<\/div>\n\t\t\t\t\t<\/div>\n\t\t<\/div>\n\t\t\t\t\t<\/div>\n\t\t<\/section>\n\t\t\t\t<section class=\"elementor-section elementor-top-section elementor-element elementor-element-6429769f elementor-section-content-middle elementor-section-full_width elementor-section-height-default elementor-section-height-default\" data-id=\"6429769f\" data-element_type=\"section\" data-settings=\"{&quot;background_background&quot;:&quot;classic&quot;}\">\n\t\t\t\t\t\t<div class=\"elementor-container elementor-column-gap-no\">\n\t\t\t\t\t<div class=\"aux-parallax-section elementor-column elementor-col-50 elementor-top-column elementor-element elementor-element-7166a120\" data-id=\"7166a120\" data-element_type=\"column\">\n\t\t\t<div class=\"elementor-widget-wrap elementor-element-populated\">\n\t\t\t\t\t\t<div class=\"elementor-element elementor-element-4bd0bff elementor-widget elementor-widget-heading\" data-id=\"4bd0bff\" data-element_type=\"widget\" data-widget_type=\"heading.default\">\n\t\t\t\t<div class=\"elementor-widget-container\">\n\t\t\t<h2 class=\"elementor-heading-title elementor-size-default\">Vid\u00e9o Surveillance<\/h2>\t\t<\/div>\n\t\t\t\t<\/div>\n\t\t\t\t<div class=\"elementor-element elementor-element-573118a7 elementor-widget elementor-widget-text-editor\" data-id=\"573118a7\" data-element_type=\"widget\" data-widget_type=\"text-editor.default\">\n\t\t\t\t<div class=\"elementor-widget-container\">\n\t\t\t\t\t\t\t<p>Les solutions de vid\u00e9osurveillance de Neylen Tech, v\u00e9ritables syst\u00e8mes intelligents, optimisent le contr\u00f4le des biens et des personnes, s\u2019adaptant \u00e0 tous vos besoins et \u00e0 tout type d\u2019installation, qu&#8217;il s&#8217;agisse de 4 cam\u00e9ras ou de plusieurs centaines. Nos syst\u00e8mes allient un design moderne, une ergonomie intuitive et les technologies de surveillance les plus avanc\u00e9es.<\/p>\t\t\t\t\t\t<\/div>\n\t\t\t\t<\/div>\n\t\t\t\t\t<\/div>\n\t\t<\/div>\n\t\t\t\t<div class=\"aux-parallax-section elementor-column elementor-col-50 elementor-top-column elementor-element elementor-element-6ef48be7\" data-id=\"6ef48be7\" data-element_type=\"column\">\n\t\t\t<div class=\"elementor-widget-wrap elementor-element-populated\">\n\t\t\t\t\t\t<div class=\"elementor-element elementor-element-3d7680f elementor-widget elementor-widget-image\" data-id=\"3d7680f\" data-element_type=\"widget\" data-widget_type=\"image.default\">\n\t\t\t\t<div class=\"elementor-widget-container\">\n\t\t\t\t\t\t\t\t\t\t\t\t\t<img decoding=\"async\" src=\"https:\/\/neylentech.com\/wp-content\/uploads\/2024\/08\/home-security-camera-scaled.jpg\" title=\"A home security camera\" alt=\"A home security camera is mounted on an outside wall.\" loading=\"lazy\" \/>\t\t\t\t\t\t\t\t\t\t\t\t\t<\/div>\n\t\t\t\t<\/div>\n\t\t\t\t\t<\/div>\n\t\t<\/div>\n\t\t\t\t\t<\/div>\n\t\t<\/section>\n\t\t\t\t<section class=\"elementor-section elementor-top-section elementor-element elementor-element-33dc4d39 elementor-section-content-middle elementor-section-full_width elementor-reverse-mobile elementor-section-height-default elementor-section-height-default\" data-id=\"33dc4d39\" data-element_type=\"section\" data-settings=\"{&quot;background_background&quot;:&quot;classic&quot;}\">\n\t\t\t\t\t\t<div class=\"elementor-container elementor-column-gap-no\">\n\t\t\t\t\t<div class=\"aux-parallax-section elementor-column elementor-col-50 elementor-top-column elementor-element elementor-element-13a72ec5\" data-id=\"13a72ec5\" data-element_type=\"column\">\n\t\t\t<div class=\"elementor-widget-wrap elementor-element-populated\">\n\t\t\t\t\t\t<div class=\"elementor-element elementor-element-5e9eea1c elementor-widget elementor-widget-image\" data-id=\"5e9eea1c\" data-element_type=\"widget\" data-widget_type=\"image.default\">\n\t\t\t\t<div class=\"elementor-widget-container\">\n\t\t\t\t\t\t\t\t\t\t\t\t\t<img decoding=\"async\" src=\"https:\/\/neylentech.com\/wp-content\/uploads\/2024\/08\/low-angle-view-street-camera-surrounded-by-trees-sunlight-blue-sky-1-scaled.jpg\" title=\"Low angle view of a street camera surrounded by teres under the sunlight and a blue sky\" alt=\"A low angle view of a street camera surrounded by teres under the sunlight and a blue sky\" loading=\"lazy\" \/>\t\t\t\t\t\t\t\t\t\t\t\t\t<\/div>\n\t\t\t\t<\/div>\n\t\t\t\t\t<\/div>\n\t\t<\/div>\n\t\t\t\t<div class=\"aux-parallax-section elementor-column elementor-col-50 elementor-top-column elementor-element elementor-element-640f6989\" data-id=\"640f6989\" data-element_type=\"column\">\n\t\t\t<div class=\"elementor-widget-wrap elementor-element-populated\">\n\t\t\t\t\t\t<div class=\"elementor-element elementor-element-11be7185 elementor-widget elementor-widget-heading\" data-id=\"11be7185\" data-element_type=\"widget\" data-widget_type=\"heading.default\">\n\t\t\t\t<div class=\"elementor-widget-container\">\n\t\t\t<h2 class=\"elementor-heading-title elementor-size-default\">Protection P\u00e9rim\u00e9trique<\/h2>\t\t<\/div>\n\t\t\t\t<\/div>\n\t\t\t\t<div class=\"elementor-element elementor-element-6f653445 elementor-widget elementor-widget-text-editor\" data-id=\"6f653445\" data-element_type=\"widget\" data-widget_type=\"text-editor.default\">\n\t\t\t\t<div class=\"elementor-widget-container\">\n\t\t\t\t\t\t\t<p>Neylen Tech vous propose une solution de surveillance p\u00e9rim\u00e9trique qui vous alerte en cas d&#8217;intrusion, dissuade et ralentit les intrus gr\u00e2ce \u00e0 des syst\u00e8mes d&#8217;alarmes visuelles ou sonores (g\u00e9n\u00e9rateur de brouillard, sir\u00e8ne, etc.), vous permet de v\u00e9rifier l\u2019intrusion via la vid\u00e9osurveillance depuis le centre de contr\u00f4le, et d&#8217;intervenir rapidement, allant d&#8217;une simple alerte au t\u00e9l\u00e9op\u00e9rateur jusqu&#8217;\u00e0 l&#8217;appel des forces de l&#8217;ordre.<\/p>\t\t\t\t\t\t<\/div>\n\t\t\t\t<\/div>\n\t\t\t\t\t<\/div>\n\t\t<\/div>\n\t\t\t\t\t<\/div>\n\t\t<\/section>\n\t\t\t\t<section class=\"elementor-section elementor-top-section elementor-element elementor-element-c54da0c elementor-section-content-middle elementor-section-full_width elementor-section-height-default elementor-section-height-default\" data-id=\"c54da0c\" data-element_type=\"section\" data-settings=\"{&quot;background_background&quot;:&quot;classic&quot;}\">\n\t\t\t\t\t\t<div class=\"elementor-container elementor-column-gap-no\">\n\t\t\t\t\t<div class=\"aux-parallax-section elementor-column elementor-col-50 elementor-top-column elementor-element elementor-element-49d98b40\" data-id=\"49d98b40\" data-element_type=\"column\">\n\t\t\t<div class=\"elementor-widget-wrap elementor-element-populated\">\n\t\t\t\t\t\t<div class=\"elementor-element elementor-element-3ffe3398 elementor-widget elementor-widget-heading\" data-id=\"3ffe3398\" data-element_type=\"widget\" data-widget_type=\"heading.default\">\n\t\t\t\t<div class=\"elementor-widget-container\">\n\t\t\t<h2 class=\"elementor-heading-title elementor-size-default\">Surveillance d'Alarme Incendie<\/h2>\t\t<\/div>\n\t\t\t\t<\/div>\n\t\t\t\t<div class=\"elementor-element elementor-element-307efb98 elementor-widget elementor-widget-text-editor\" data-id=\"307efb98\" data-element_type=\"widget\" data-widget_type=\"text-editor.default\">\n\t\t\t\t<div class=\"elementor-widget-container\">\n\t\t\t\t\t\t\t<p>Neylen Tech vous offre des syst\u00e8mes capables de d\u00e9tecter rapidement les premiers signes d&#8217;incendie. La rapidit\u00e9 de d\u00e9tection de ces dispositifs permet de d\u00e9clencher automatiquement des alertes. Pendant les p\u00e9riodes de fermeture de votre \u00e9tablissement (nuit, week-end, fermeture annuelle), vous pouvez confier la gestion des alertes incendie \u00e0 notre Centre d&#8217;Op\u00e9ration et de Contr\u00f4le 24\/7, garantissant une v\u00e9rification imm\u00e9diate et un appel aux pompiers.<\/p>\t\t\t\t\t\t<\/div>\n\t\t\t\t<\/div>\n\t\t\t\t\t<\/div>\n\t\t<\/div>\n\t\t\t\t<div class=\"aux-parallax-section elementor-column elementor-col-50 elementor-top-column elementor-element elementor-element-6c04dfb5\" data-id=\"6c04dfb5\" data-element_type=\"column\">\n\t\t\t<div class=\"elementor-widget-wrap elementor-element-populated\">\n\t\t\t\t\t\t<div class=\"elementor-element elementor-element-53e551a3 elementor-widget elementor-widget-image\" data-id=\"53e551a3\" data-element_type=\"widget\" data-widget_type=\"image.default\">\n\t\t\t\t<div class=\"elementor-widget-container\">\n\t\t\t\t\t\t\t\t\t\t\t\t\t<img decoding=\"async\" src=\"https:\/\/neylentech.com\/wp-content\/uploads\/2024\/08\/PSS-2024-7.jpg\" title=\"PSS 2024 (7)\" alt=\"PSS 2024 (7)\" loading=\"lazy\" \/>\t\t\t\t\t\t\t\t\t\t\t\t\t<\/div>\n\t\t\t\t<\/div>\n\t\t\t\t\t<\/div>\n\t\t<\/div>\n\t\t\t\t\t<\/div>\n\t\t<\/section>\n\t\t\t\t<section class=\"elementor-section elementor-top-section elementor-element elementor-element-37b1864 elementor-section-content-middle elementor-section-full_width elementor-reverse-mobile elementor-section-height-default elementor-section-height-default\" data-id=\"37b1864\" data-element_type=\"section\" data-settings=\"{&quot;background_background&quot;:&quot;classic&quot;}\">\n\t\t\t\t\t\t<div class=\"elementor-container elementor-column-gap-no\">\n\t\t\t\t\t<div class=\"aux-parallax-section elementor-column elementor-col-50 elementor-top-column elementor-element elementor-element-d7d871b\" data-id=\"d7d871b\" data-element_type=\"column\">\n\t\t\t<div class=\"elementor-widget-wrap elementor-element-populated\">\n\t\t\t\t\t\t<div class=\"elementor-element elementor-element-e9733c1 elementor-widget elementor-widget-image\" data-id=\"e9733c1\" data-element_type=\"widget\" data-widget_type=\"image.default\">\n\t\t\t\t<div class=\"elementor-widget-container\">\n\t\t\t\t\t\t\t\t\t\t\t\t\t<img decoding=\"async\" src=\"https:\/\/neylentech.com\/wp-content\/uploads\/2024\/08\/confident-call-center-operator-talking-with-client-scaled.jpg\" title=\"Side view of confident call center operator talking with client\" alt=\"Side view of confident call center operator talking with client. Caucasian young man in eyeglasses typing on laptop while serving client. Call center concept\" loading=\"lazy\" \/>\t\t\t\t\t\t\t\t\t\t\t\t\t<\/div>\n\t\t\t\t<\/div>\n\t\t\t\t\t<\/div>\n\t\t<\/div>\n\t\t\t\t<div class=\"aux-parallax-section elementor-column elementor-col-50 elementor-top-column elementor-element elementor-element-2426403\" data-id=\"2426403\" data-element_type=\"column\">\n\t\t\t<div class=\"elementor-widget-wrap elementor-element-populated\">\n\t\t\t\t\t\t<div class=\"elementor-element elementor-element-975fdab elementor-widget elementor-widget-heading\" data-id=\"975fdab\" data-element_type=\"widget\" data-widget_type=\"heading.default\">\n\t\t\t\t<div class=\"elementor-widget-container\">\n\t\t\t<h2 class=\"elementor-heading-title elementor-size-default\">Centre d'Op\u00e9rations et Contr\u00f4le 24\/7<\/h2>\t\t<\/div>\n\t\t\t\t<\/div>\n\t\t\t\t<div class=\"elementor-element elementor-element-f4d5ac8 elementor-widget elementor-widget-text-editor\" data-id=\"f4d5ac8\" data-element_type=\"widget\" data-widget_type=\"text-editor.default\">\n\t\t\t\t<div class=\"elementor-widget-container\">\n\t\t\t\t\t\t\t<p>Pour assurer l&#8217;excellence de nos services, des audits r\u00e9guliers des proc\u00e9dures du Centre d&#8217;Op\u00e9rations et de Contr\u00f4le 24\/7 de Neylen Tech sont effectu\u00e9s. Nos t\u00e9l\u00e9op\u00e9rateurs suivent en permanence des formations qualifiantes pour mieux r\u00e9pondre \u00e0 vos besoins actuels et futurs. Nous appliquons scrupuleusement les consignes de s\u00e9curit\u00e9 que vous avez d\u00e9finies, garantissant une r\u00e9action pr\u00e9cise et imm\u00e9diate. Chaque intervention est document\u00e9e dans des rapports d\u00e9taill\u00e9s.<\/p>\t\t\t\t\t\t<\/div>\n\t\t\t\t<\/div>\n\t\t\t\t\t<\/div>\n\t\t<\/div>\n\t\t\t\t\t<\/div>\n\t\t<\/section>\n\t\t\t\t<section class=\"elementor-section elementor-top-section elementor-element elementor-element-5c0ab31 elementor-section-content-middle elementor-section-full_width elementor-section-height-default elementor-section-height-default\" data-id=\"5c0ab31\" data-element_type=\"section\" data-settings=\"{&quot;background_background&quot;:&quot;classic&quot;}\">\n\t\t\t\t\t\t<div class=\"elementor-container elementor-column-gap-no\">\n\t\t\t\t\t<div class=\"aux-parallax-section elementor-column elementor-col-50 elementor-top-column elementor-element elementor-element-08f75ee\" data-id=\"08f75ee\" data-element_type=\"column\">\n\t\t\t<div class=\"elementor-widget-wrap elementor-element-populated\">\n\t\t\t\t\t\t<div class=\"elementor-element elementor-element-31126ac elementor-widget elementor-widget-heading\" data-id=\"31126ac\" data-element_type=\"widget\" data-widget_type=\"heading.default\">\n\t\t\t\t<div class=\"elementor-widget-container\">\n\t\t\t<h2 class=\"elementor-heading-title elementor-size-default\">Cyber S\u00e9curit\u00e9<\/h2>\t\t<\/div>\n\t\t\t\t<\/div>\n\t\t\t\t<div class=\"elementor-element elementor-element-1193f85 elementor-widget elementor-widget-text-editor\" data-id=\"1193f85\" data-element_type=\"widget\" data-widget_type=\"text-editor.default\">\n\t\t\t\t<div class=\"elementor-widget-container\">\n\t\t\t\t\t\t\t<p>Chaque organisation, quelle que soit sa taille ou son domaine d&#8217;activit\u00e9, fait face \u00e0 des menaces constantes de cyberattaques. Neylen Tech offre une protection contre les ransomwares, des antivirus, un filtrage anti-spam, un filtrage DNS, une surveillance continue, des tests de p\u00e9n\u00e9tration et une analyse des vuln\u00e9rabilit\u00e9s. Nous assurons la s\u00e9curit\u00e9 de vos postes de travail, de votre infrastructure r\u00e9seau, ainsi que de votre cloud.<\/p>\t\t\t\t\t\t<\/div>\n\t\t\t\t<\/div>\n\t\t\t\t\t<\/div>\n\t\t<\/div>\n\t\t\t\t<div class=\"aux-parallax-section elementor-column elementor-col-50 elementor-top-column elementor-element elementor-element-de3237f\" data-id=\"de3237f\" data-element_type=\"column\">\n\t\t\t<div class=\"elementor-widget-wrap elementor-element-populated\">\n\t\t\t\t\t\t<div class=\"elementor-element elementor-element-198199a elementor-widget elementor-widget-image\" data-id=\"198199a\" data-element_type=\"widget\" data-widget_type=\"image.default\">\n\t\t\t\t<div class=\"elementor-widget-container\">\n\t\t\t\t\t\t\t\t\t\t\t\t\t<img decoding=\"async\" src=\"https:\/\/neylentech.com\/wp-content\/uploads\/2024\/08\/standard-quality-control-collage-concept-scaled.jpg\" title=\"standard-quality-control-collage-concept\" alt=\"standard-quality-control-collage-concept\" loading=\"lazy\" \/>\t\t\t\t\t\t\t\t\t\t\t\t\t<\/div>\n\t\t\t\t<\/div>\n\t\t\t\t\t<\/div>\n\t\t<\/div>\n\t\t\t\t\t<\/div>\n\t\t<\/section>\n\t\t\t\t<section class=\"elementor-section elementor-top-section elementor-element elementor-element-758633b6 elementor-section-content-middle elementor-reverse-tablet elementor-reverse-mobile elementor-section-boxed elementor-section-height-default elementor-section-height-default\" data-id=\"758633b6\" data-element_type=\"section\" data-settings=\"{&quot;background_background&quot;:&quot;classic&quot;}\">\n\t\t\t\t\t\t<div class=\"elementor-container elementor-column-gap-no\">\n\t\t\t\t\t<div class=\"aux-parallax-section elementor-column elementor-col-100 elementor-top-column elementor-element elementor-element-1bb18b78\" data-id=\"1bb18b78\" data-element_type=\"column\">\n\t\t\t<div class=\"elementor-widget-wrap elementor-element-populated\">\n\t\t\t\t\t\t<div class=\"elementor-element elementor-element-e23e468 elementor-widget elementor-widget-heading\" data-id=\"e23e468\" data-element_type=\"widget\" data-widget_type=\"heading.default\">\n\t\t\t\t<div class=\"elementor-widget-container\">\n\t\t\t<h3 class=\"elementor-heading-title elementor-size-default\">Restons en Contact<\/h3>\t\t<\/div>\n\t\t\t\t<\/div>\n\t\t\t\t<div class=\"elementor-element elementor-element-24ab3707 elementor-widget elementor-widget-text-editor\" data-id=\"24ab3707\" data-element_type=\"widget\" data-widget_type=\"text-editor.default\">\n\t\t\t\t<div class=\"elementor-widget-container\">\n\t\t\t\t\t\t\t<div class=\"elementor-element elementor-element-352d436a elementor-widget elementor-widget-text-editor\" data-id=\"352d436a\" data-element_type=\"widget\" data-widget_type=\"text-editor.default\"><div class=\"elementor-widget-container\"><p>Contactez notre \u00e9quipe pour discuter de vos besoins sp\u00e9cifiques.<\/p><\/div><\/div>\t\t\t\t\t\t<\/div>\n\t\t\t\t<\/div>\n\t\t\t\t<div class=\"elementor-element elementor-element-8b90548 elementor-mobile-align-center elementor-align-center elementor-widget elementor-widget-button\" data-id=\"8b90548\" data-element_type=\"widget\" data-widget_type=\"button.default\">\n\t\t\t\t<div class=\"elementor-widget-container\">\n\t\t\t\t\t<div class=\"elementor-button-wrapper\">\n\t\t\t<a class=\"elementor-button elementor-button-link elementor-size-sm\" href=\"https:\/\/neylentech.com\/index.php\/contact\/\">\n\t\t\t\t\t\t<span class=\"elementor-button-content-wrapper\">\n\t\t\t\t\t\t\t\t\t<span class=\"elementor-button-text\">Nous Consulter<\/span>\n\t\t\t\t\t<\/span>\n\t\t\t\t\t<\/a>\n\t\t<\/div>\n\t\t\t\t<\/div>\n\t\t\t\t<\/div>\n\t\t\t\t\t<\/div>\n\t\t<\/div>\n\t\t\t\t\t<\/div>\n\t\t<\/section>\n\t\t\t\t<\/div>\n\t\t","protected":false},"excerpt":{"rendered":"<p>T\u00e9l\u00e9surveillance Neylen Tech con\u00e7oit des solutions de t\u00e9l\u00e9surveillance sur mesure, adapt\u00e9es \u00e0 vos besoins sp\u00e9cifiques, qu\u2019il s\u2019agisse d\u2019un site unique ou d\u2019un r\u00e9seau \u00e9tendu. Nos syst\u00e8mes, \u00e0 la pointe de la technologie, s\u2019int\u00e8grent parfaitement \u00e0 votre environnement existant. Vid\u00e9o Surveillance Les solutions de vid\u00e9osurveillance de Neylen Tech, v\u00e9ritables syst\u00e8mes intelligents, optimisent le contr\u00f4le des biens [&hellip;]<\/p>\n","protected":false},"author":1,"featured_media":0,"parent":0,"menu_order":0,"comment_status":"closed","ping_status":"closed","template":"","meta":{"footnotes":""},"class_list":["post-506","page","type-page","status-publish","hentry"],"_links":{"self":[{"href":"https:\/\/neylentech.com\/index.php\/wp-json\/wp\/v2\/pages\/506","targetHints":{"allow":["GET"]}}],"collection":[{"href":"https:\/\/neylentech.com\/index.php\/wp-json\/wp\/v2\/pages"}],"about":[{"href":"https:\/\/neylentech.com\/index.php\/wp-json\/wp\/v2\/types\/page"}],"author":[{"embeddable":true,"href":"https:\/\/neylentech.com\/index.php\/wp-json\/wp\/v2\/users\/1"}],"replies":[{"embeddable":true,"href":"https:\/\/neylentech.com\/index.php\/wp-json\/wp\/v2\/comments?post=506"}],"version-history":[{"count":55,"href":"https:\/\/neylentech.com\/index.php\/wp-json\/wp\/v2\/pages\/506\/revisions"}],"predecessor-version":[{"id":881,"href":"https:\/\/neylentech.com\/index.php\/wp-json\/wp\/v2\/pages\/506\/revisions\/881"}],"wp:attachment":[{"href":"https:\/\/neylentech.com\/index.php\/wp-json\/wp\/v2\/media?parent=506"}],"curies":[{"name":"wp","href":"https:\/\/api.w.org\/{rel}","templated":true}]}}