{"id":63,"date":"2018-08-27T11:14:16","date_gmt":"2018-08-27T09:14:16","guid":{"rendered":"https:\/\/neylentech.com\/index.php\/about\/"},"modified":"2024-08-22T18:28:55","modified_gmt":"2024-08-22T16:28:55","slug":"qui-sommes-nous","status":"publish","type":"page","link":"https:\/\/neylentech.com\/index.php\/qui-sommes-nous\/","title":{"rendered":"Qui Sommes-Nous"},"content":{"rendered":"\t\t<div data-elementor-type=\"wp-post\" data-elementor-id=\"63\" class=\"elementor elementor-63\">\n\t\t\t\t\t\t<section class=\"elementor-section elementor-top-section elementor-element elementor-element-1596f96c elementor-section-content-middle elementor-section-full_width elementor-reverse-mobile elementor-reverse-tablet elementor-section-height-default elementor-section-height-default\" data-id=\"1596f96c\" data-element_type=\"section\">\n\t\t\t\t\t\t<div class=\"elementor-container elementor-column-gap-no\">\n\t\t\t\t\t<div class=\"aux-parallax-section elementor-column elementor-col-50 elementor-top-column elementor-element elementor-element-4feee966\" data-id=\"4feee966\" data-element_type=\"column\">\n\t\t\t<div class=\"elementor-widget-wrap elementor-element-populated\">\n\t\t\t\t\t\t<div class=\"elementor-element elementor-element-250aeb9f elementor-widget elementor-widget-image\" data-id=\"250aeb9f\" data-element_type=\"widget\" data-widget_type=\"image.default\">\n\t\t\t\t<div class=\"elementor-widget-container\">\n\t\t\t\t\t\t\t\t\t\t\t\t\t<img decoding=\"async\" src=\"https:\/\/neylentech.com\/wp-content\/uploads\/2024\/08\/security-camera-urban-video-scaled.jpg\" title=\"security camera and urban video\" alt=\"security camera and urban video\" loading=\"lazy\" \/>\t\t\t\t\t\t\t\t\t\t\t\t\t<\/div>\n\t\t\t\t<\/div>\n\t\t\t\t\t<\/div>\n\t\t<\/div>\n\t\t\t\t<div class=\"aux-parallax-section elementor-column elementor-col-50 elementor-top-column elementor-element elementor-element-572ddf7c\" data-id=\"572ddf7c\" data-element_type=\"column\">\n\t\t\t<div class=\"elementor-widget-wrap elementor-element-populated\">\n\t\t\t\t\t\t<div class=\"elementor-element elementor-element-68ff3f54 elementor-widget elementor-widget-heading\" data-id=\"68ff3f54\" data-element_type=\"widget\" data-widget_type=\"heading.default\">\n\t\t\t\t<div class=\"elementor-widget-container\">\n\t\t\t<h1 class=\"elementor-heading-title elementor-size-default\"><h2 style=\"letter-spacing: normal; margin: 0px 0px 22px; font-size: 52px; line-height: 78px; transition-property: all; color: var( --auxin-featured-color-3 ); white-space-collapse: collapse;\">Votre partenaire s\u00e9curit\u00e9 de confiance<\/h2><\/h1>\t\t<\/div>\n\t\t\t\t<\/div>\n\t\t\t\t<div class=\"elementor-element elementor-element-16fba936 elementor-widget elementor-widget-text-editor\" data-id=\"16fba936\" data-element_type=\"widget\" data-widget_type=\"text-editor.default\">\n\t\t\t\t<div class=\"elementor-widget-container\">\n\t\t\t\t\t\t\t<p><span style=\"color: rgba(61, 61, 61, 0.9); font-family: Poppins;\">Neylen Tech est une entreprise sp\u00e9cialis\u00e9e dans la conception et la mise en \u0153uvre de solutions de s\u00e9curit\u00e9 sur mesure, adapt\u00e9es aux besoins sp\u00e9cifiques de chaque organisation. Forts de notre expertise en mati\u00e8re de s\u00e9curit\u00e9, de t\u00e9l\u00e9surveillance, de protection et d&#8217;informatique, nous accompagnons nos clients dans leur d\u00e9marche de s\u00e9curisation.<\/span><\/p>\t\t\t\t\t\t<\/div>\n\t\t\t\t<\/div>\n\t\t\t\t\t<\/div>\n\t\t<\/div>\n\t\t\t\t\t<\/div>\n\t\t<\/section>\n\t\t\t\t<section class=\"elementor-section elementor-top-section elementor-element elementor-element-45d8794b elementor-section-content-middle elementor-section-full_width elementor-section-height-default elementor-section-height-default\" data-id=\"45d8794b\" data-element_type=\"section\">\n\t\t\t\t\t\t<div class=\"elementor-container elementor-column-gap-no\">\n\t\t\t\t\t<div class=\"aux-parallax-section elementor-column elementor-col-50 elementor-top-column elementor-element elementor-element-22d2fe43\" data-id=\"22d2fe43\" data-element_type=\"column\">\n\t\t\t<div class=\"elementor-widget-wrap elementor-element-populated\">\n\t\t\t\t\t\t<div class=\"elementor-element elementor-element-353429ed elementor-widget elementor-widget-heading\" data-id=\"353429ed\" data-element_type=\"widget\" data-widget_type=\"heading.default\">\n\t\t\t\t<div class=\"elementor-widget-container\">\n\t\t\t<h2 class=\"elementor-heading-title elementor-size-default\">Notre Mission<\/h2>\t\t<\/div>\n\t\t\t\t<\/div>\n\t\t\t\t<div class=\"elementor-element elementor-element-3a0950ed elementor-widget elementor-widget-text-editor\" data-id=\"3a0950ed\" data-element_type=\"widget\" data-widget_type=\"text-editor.default\">\n\t\t\t\t<div class=\"elementor-widget-container\">\n\t\t\t\t\t\t\t<p style=\"color: rgba(61, 61, 61, 0.9); font-family: Poppins;\" data-sourcepos=\"11:1-11:28\">Notre mission est de fournir \u00e0 nos clients des solutions de s\u00e9curit\u00e9 innovantes et fiables, leur permettant de se concentrer sur leur c\u0153ur de m\u00e9tier en toute s\u00e9r\u00e9nit\u00e9. Nous nous engageons \u00e0 :<\/p><ul style=\"color: rgba(61, 61, 61, 0.9); font-family: Poppins;\" data-sourcepos=\"13:1-15:105\"><li data-sourcepos=\"13:1-13:171\"><span style=\"font-weight: 600;\">Prot\u00e9ger vos biens et vos personnes :<\/span>\u00a0Nous mettons en place des syst\u00e8mes de s\u00e9curit\u00e9 performants pour pr\u00e9venir les intrusions, les vols et les actes de malveillance.<\/li><li data-sourcepos=\"14:1-14:156\"><span style=\"font-weight: 600;\">S\u00e9curiser vos donn\u00e9es :<\/span>\u00a0Nous vous proposons des solutions de cybers\u00e9curit\u00e9 robustes pour prot\u00e9ger vos informations sensibles contre les cyberattaques.<\/li><li data-sourcepos=\"15:1-15:105\"><span style=\"font-weight: 600;\">Optimiser votre s\u00e9curit\u00e9 :<\/span>\u00a0Nous vous accompagnons dans la mise en place d&#8217;une strat\u00e9gie de s\u00e9curit\u00e9 globale, adapt\u00e9e \u00e0 votre organisation et \u00e0 vos enjeux.<\/li><\/ul>\t\t\t\t\t\t<\/div>\n\t\t\t\t<\/div>\n\t\t\t\t\t<\/div>\n\t\t<\/div>\n\t\t\t\t<div class=\"aux-parallax-section elementor-column elementor-col-50 elementor-top-column elementor-element elementor-element-787075dc\" data-id=\"787075dc\" data-element_type=\"column\">\n\t\t\t<div class=\"elementor-widget-wrap elementor-element-populated\">\n\t\t\t\t\t\t<div class=\"elementor-element elementor-element-22032dbb elementor-widget elementor-widget-image\" data-id=\"22032dbb\" data-element_type=\"widget\" data-widget_type=\"image.default\">\n\t\t\t\t<div class=\"elementor-widget-container\">\n\t\t\t\t\t\t\t\t\t\t\t\t\t<img decoding=\"async\" src=\"https:\/\/neylentech.com\/wp-content\/uploads\/2024\/08\/business-strategy-success-target-goals-scaled.jpg\" title=\"Business strategy success target goals.\" alt=\"Businessman holding red dart push on target. Business strategy planning success target goals. Business development concept\" loading=\"lazy\" \/>\t\t\t\t\t\t\t\t\t\t\t\t\t<\/div>\n\t\t\t\t<\/div>\n\t\t\t\t\t<\/div>\n\t\t<\/div>\n\t\t\t\t\t<\/div>\n\t\t<\/section>\n\t\t\t\t<section class=\"elementor-section elementor-top-section elementor-element elementor-element-f09a1a8 elementor-section-full_width elementor-section-height-default elementor-section-height-default\" data-id=\"f09a1a8\" data-element_type=\"section\">\n\t\t\t\t\t\t<div class=\"elementor-container elementor-column-gap-no\">\n\t\t\t\t\t<div class=\"aux-parallax-section elementor-column elementor-col-100 elementor-top-column elementor-element elementor-element-6361685f\" data-id=\"6361685f\" data-element_type=\"column\">\n\t\t\t<div class=\"elementor-widget-wrap elementor-element-populated\">\n\t\t\t\t\t\t<div class=\"elementor-element elementor-element-3d7c573a elementor-widget elementor-widget-heading\" data-id=\"3d7c573a\" data-element_type=\"widget\" data-widget_type=\"heading.default\">\n\t\t\t\t<div class=\"elementor-widget-container\">\n\t\t\t<h2 class=\"elementor-heading-title elementor-size-default\">Notre expertise<\/h2>\t\t<\/div>\n\t\t\t\t<\/div>\n\t\t\t\t<div class=\"elementor-element elementor-element-2f5d1f25 elementor-widget elementor-widget-text-editor\" data-id=\"2f5d1f25\" data-element_type=\"widget\" data-widget_type=\"text-editor.default\">\n\t\t\t\t<div class=\"elementor-widget-container\">\n\t\t\t\t\t\t\t<p><span style=\"color: rgba(61, 61, 61, 0.9); font-family: Poppins; text-align: start;\">Gr\u00e2ce \u00e0 notre \u00e9quipe d&#8217;experts hautement qualifi\u00e9s, nous ma\u00eetrisons l&#8217;ensemble des technologies de s\u00e9curit\u00e9 les plus r\u00e9centes. Nous vous proposons des solutions personnalis\u00e9es dans les domaines suivants:<\/span><\/p>\t\t\t\t\t\t<\/div>\n\t\t\t\t<\/div>\n\t\t\t\t<section class=\"elementor-section elementor-inner-section elementor-element elementor-element-66d0ae12 elementor-section-full_width elementor-section-height-default elementor-section-height-default\" data-id=\"66d0ae12\" data-element_type=\"section\">\n\t\t\t\t\t\t<div class=\"elementor-container elementor-column-gap-no\">\n\t\t\t\t\t<div class=\"aux-parallax-section elementor-column elementor-col-33 elementor-inner-column elementor-element elementor-element-4fd627de\" data-id=\"4fd627de\" data-element_type=\"column\">\n\t\t\t<div class=\"elementor-widget-wrap elementor-element-populated\">\n\t\t\t\t\t\t<div class=\"elementor-element elementor-element-524bab7 elementor-position-top elementor-widget elementor-widget-image-box\" data-id=\"524bab7\" data-element_type=\"widget\" data-widget_type=\"image-box.default\">\n\t\t\t\t<div class=\"elementor-widget-container\">\n\t\t\t<div class=\"elementor-image-box-wrapper\"><figure class=\"elementor-image-box-img\"><img decoding=\"async\" src=\"https:\/\/neylentech.com\/wp-content\/uploads\/2024\/08\/portrait-male-security-guard-with-radio-station-camera-screens-scaled.jpg\" title=\"portrait-male-security-guard-with-radio-station-camera-screens\" alt=\"portrait-male-security-guard-with-radio-station-camera-screens\" class=\"elementor-animation-grow\" loading=\"lazy\" \/><\/figure><div class=\"elementor-image-box-content\"><h4 class=\"elementor-image-box-title\">S\u00e9curit\u00e9 \u00e9lectronique<\/h4><p class=\"elementor-image-box-description\"><span style=\"color: rgba(61, 61, 61, 0.9); font-family: Poppins; text-align: left; white-space-collapse: collapse;\">Alarmes, vid\u00e9osurveillance, contr\u00f4le d'acc\u00e8s, d\u00e9tection...<\/span><\/p><\/div><\/div>\t\t<\/div>\n\t\t\t\t<\/div>\n\t\t\t\t\t<\/div>\n\t\t<\/div>\n\t\t\t\t<div class=\"aux-parallax-section elementor-column elementor-col-33 elementor-inner-column elementor-element elementor-element-54906076\" data-id=\"54906076\" data-element_type=\"column\">\n\t\t\t<div class=\"elementor-widget-wrap elementor-element-populated\">\n\t\t\t\t\t\t<div class=\"elementor-element elementor-element-5fcc9f2 elementor-position-top elementor-widget elementor-widget-image-box\" data-id=\"5fcc9f2\" data-element_type=\"widget\" data-widget_type=\"image-box.default\">\n\t\t\t\t<div class=\"elementor-widget-container\">\n\t\t\t<div class=\"elementor-image-box-wrapper\"><figure class=\"elementor-image-box-img\"><img decoding=\"async\" src=\"https:\/\/neylentech.com\/wp-content\/uploads\/2024\/08\/standard-quality-control-collage-concept-scaled.jpg\" title=\"standard-quality-control-collage-concept\" alt=\"standard-quality-control-collage-concept\" class=\"elementor-animation-grow\" loading=\"lazy\" \/><\/figure><div class=\"elementor-image-box-content\"><h4 class=\"elementor-image-box-title\">Cybers\u00e9curit\u00e9<\/h4><p class=\"elementor-image-box-description\"><span style=\"color: rgba(61, 61, 61, 0.9); font-family: Poppins; text-align: left; white-space-collapse: collapse;\">Protection des donn\u00e9es, antivirus, firewalls, audits de s\u00e9curit\u00e9...<\/span><\/p><\/div><\/div>\t\t<\/div>\n\t\t\t\t<\/div>\n\t\t\t\t\t<\/div>\n\t\t<\/div>\n\t\t\t\t<div class=\"aux-parallax-section elementor-column elementor-col-33 elementor-inner-column elementor-element elementor-element-3fa96f2f\" data-id=\"3fa96f2f\" data-element_type=\"column\">\n\t\t\t<div class=\"elementor-widget-wrap elementor-element-populated\">\n\t\t\t\t\t\t<div class=\"elementor-element elementor-element-41cc6d82 elementor-position-top elementor-widget elementor-widget-image-box\" data-id=\"41cc6d82\" data-element_type=\"widget\" data-widget_type=\"image-box.default\">\n\t\t\t\t<div class=\"elementor-widget-container\">\n\t\t\t<div class=\"elementor-image-box-wrapper\"><figure class=\"elementor-image-box-img\"><img decoding=\"async\" src=\"https:\/\/neylentech.com\/wp-content\/uploads\/2024\/08\/pexels-scottwebb-430208-scaled.jpg\" title=\"pexels-scottwebb-430208\" alt=\"pexels-scottwebb-430208\" class=\"elementor-animation-grow\" loading=\"lazy\" \/><\/figure><div class=\"elementor-image-box-content\"><h4 class=\"elementor-image-box-title\">T\u00e9l\u00e9surveillance<\/h4><p class=\"elementor-image-box-description\"><span style=\"color: rgba(61, 61, 61, 0.9); font-family: Poppins; text-align: left; white-space-collapse: collapse;\">Surveillance \u00e0 distance de vos locaux et de vos biens...<\/span><\/p><\/div><\/div>\t\t<\/div>\n\t\t\t\t<\/div>\n\t\t\t\t\t<\/div>\n\t\t<\/div>\n\t\t\t\t\t<\/div>\n\t\t<\/section>\n\t\t\t\t\t<\/div>\n\t\t<\/div>\n\t\t\t\t\t<\/div>\n\t\t<\/section>\n\t\t\t\t<section class=\"elementor-section elementor-top-section elementor-element elementor-element-2e7c8ec elementor-section-content-middle elementor-section-full_width elementor-reverse-mobile elementor-reverse-tablet elementor-section-height-default elementor-section-height-default\" data-id=\"2e7c8ec\" data-element_type=\"section\">\n\t\t\t\t\t\t<div class=\"elementor-container elementor-column-gap-no\">\n\t\t\t\t\t<div class=\"aux-parallax-section elementor-column elementor-col-50 elementor-top-column elementor-element elementor-element-964a78d\" data-id=\"964a78d\" data-element_type=\"column\">\n\t\t\t<div class=\"elementor-widget-wrap elementor-element-populated\">\n\t\t\t\t\t\t<div class=\"elementor-element elementor-element-bae90c0 elementor-widget elementor-widget-image\" data-id=\"bae90c0\" data-element_type=\"widget\" data-widget_type=\"image.default\">\n\t\t\t\t<div class=\"elementor-widget-container\">\n\t\t\t\t\t\t\t\t\t\t\t\t\t<img decoding=\"async\" src=\"https:\/\/neylentech.com\/wp-content\/uploads\/2024\/08\/business-concept-with-team-close-up-scaled.jpg\" title=\"business-concept-with-team-close-up\" alt=\"business-concept-with-team-close-up\" loading=\"lazy\" \/>\t\t\t\t\t\t\t\t\t\t\t\t\t<\/div>\n\t\t\t\t<\/div>\n\t\t\t\t\t<\/div>\n\t\t<\/div>\n\t\t\t\t<div class=\"aux-parallax-section elementor-column elementor-col-50 elementor-top-column elementor-element elementor-element-59c6b4e\" data-id=\"59c6b4e\" data-element_type=\"column\">\n\t\t\t<div class=\"elementor-widget-wrap elementor-element-populated\">\n\t\t\t\t\t\t<div class=\"elementor-element elementor-element-f19b742 elementor-widget elementor-widget-heading\" data-id=\"f19b742\" data-element_type=\"widget\" data-widget_type=\"heading.default\">\n\t\t\t\t<div class=\"elementor-widget-container\">\n\t\t\t<h1 class=\"elementor-heading-title elementor-size-default\">Notre Engagement<\/h1>\t\t<\/div>\n\t\t\t\t<\/div>\n\t\t\t\t<div class=\"elementor-element elementor-element-fd519b8 elementor-widget elementor-widget-text-editor\" data-id=\"fd519b8\" data-element_type=\"widget\" data-widget_type=\"text-editor.default\">\n\t\t\t\t<div class=\"elementor-widget-container\">\n\t\t\t\t\t\t\t<p style=\"color: rgba(61, 61, 61, 0.9); font-family: Poppins; font-size: 16px;\" data-sourcepos=\"36:1-36:56\">Notre priorit\u00e9 est de vous offrir un service de qualit\u00e9, adapt\u00e9 \u00e0 vos besoins et \u00e0 votre budget. Nous mettons un point d&#8217;honneur \u00e0 :<\/p><ul style=\"color: rgba(61, 61, 61, 0.9); font-family: Poppins; font-size: 16px;\" data-sourcepos=\"38:1-38:45\"><li data-sourcepos=\"38:1-38:45\"><span style=\"font-weight: 600;\">Vous \u00e9couter :<\/span>\u00a0Nous prenons le temps de comprendre vos enjeux et vos attentes.<\/li><li data-sourcepos=\"39:1-39:85\"><span style=\"font-weight: 600;\">Vous conseiller :<\/span>\u00a0Nous vous proposons des solutions personnalis\u00e9es et adapt\u00e9es.<\/li><li data-sourcepos=\"40:1-41:0\"><span style=\"font-weight: 600;\">Vous accompagner :<\/span>\u00a0Nous sommes \u00e0 vos c\u00f4t\u00e9s tout au long de votre projet, de la conception \u00e0 la mise en \u0153uvre.<\/li><\/ul>\t\t\t\t\t\t<\/div>\n\t\t\t\t<\/div>\n\t\t\t\t\t<\/div>\n\t\t<\/div>\n\t\t\t\t\t<\/div>\n\t\t<\/section>\n\t\t\t\t<section class=\"elementor-section elementor-top-section elementor-element elementor-element-a9c4807 elementor-section-content-middle elementor-section-boxed elementor-section-height-default elementor-section-height-default\" data-id=\"a9c4807\" data-element_type=\"section\">\n\t\t\t\t\t\t<div class=\"elementor-container elementor-column-gap-no\">\n\t\t\t\t\t<div class=\"aux-parallax-section elementor-column elementor-col-100 elementor-top-column elementor-element elementor-element-b8c0e40\" data-id=\"b8c0e40\" data-element_type=\"column\">\n\t\t\t<div class=\"elementor-widget-wrap elementor-element-populated\">\n\t\t\t\t\t\t<div class=\"elementor-element elementor-element-53cb218a elementor-widget elementor-widget-heading\" data-id=\"53cb218a\" data-element_type=\"widget\" data-widget_type=\"heading.default\">\n\t\t\t\t<div class=\"elementor-widget-container\">\n\t\t\t<h4 class=\"elementor-heading-title elementor-size-default\">Notre Vision<\/h4>\t\t<\/div>\n\t\t\t\t<\/div>\n\t\t\t\t<div class=\"elementor-element elementor-element-5cfe1239 elementor-widget elementor-widget-text-editor\" data-id=\"5cfe1239\" data-element_type=\"widget\" data-widget_type=\"text-editor.default\">\n\t\t\t\t<div class=\"elementor-widget-container\">\n\t\t\t\t\t\t\t<p><span style=\"color: rgba(61, 61, 61, 0.9); text-align: start;\">Notre vision est de devenir le partenaire de r\u00e9f\u00e9rence en mati\u00e8re de s\u00e9curit\u00e9 pour toutes les organisations, en leur offrant des solutions innovantes et efficaces pour les prot\u00e9ger.<\/span><\/p>\t\t\t\t\t\t<\/div>\n\t\t\t\t<\/div>\n\t\t\t\t<div class=\"elementor-element elementor-element-789128a9 elementor-align-center elementor-widget elementor-widget-button\" data-id=\"789128a9\" data-element_type=\"widget\" data-widget_type=\"button.default\">\n\t\t\t\t<div class=\"elementor-widget-container\">\n\t\t\t\t\t<div class=\"elementor-button-wrapper\">\n\t\t\t<a class=\"elementor-button elementor-button-link elementor-size-sm elementor-animation-grow\" href=\"https:\/\/neylentech.com\/index.php\/contact\/\">\n\t\t\t\t\t\t<span class=\"elementor-button-content-wrapper\">\n\t\t\t\t\t\t\t\t\t<span class=\"elementor-button-text\">Nous Consulter<\/span>\n\t\t\t\t\t<\/span>\n\t\t\t\t\t<\/a>\n\t\t<\/div>\n\t\t\t\t<\/div>\n\t\t\t\t<\/div>\n\t\t\t\t\t<\/div>\n\t\t<\/div>\n\t\t\t\t\t<\/div>\n\t\t<\/section>\n\t\t\t\t<section class=\"elementor-section elementor-top-section elementor-element elementor-element-1fa76a4 aux-bs-get-started aux-bs-footer-scale elementor-section-boxed elementor-section-height-default elementor-section-height-default\" data-id=\"1fa76a4\" data-element_type=\"section\" data-settings=\"{&quot;background_background&quot;:&quot;classic&quot;}\">\n\t\t\t\t\t\t<div class=\"elementor-container elementor-column-gap-no\">\n\t\t\t\t\t<div class=\"aux-parallax-section elementor-column elementor-col-100 elementor-top-column elementor-element elementor-element-fd759ca\" data-id=\"fd759ca\" data-element_type=\"column\">\n\t\t\t<div class=\"elementor-widget-wrap elementor-element-populated\">\n\t\t\t\t\t\t<div class=\"elementor-element elementor-element-77fc1d2 elementor-widget elementor-widget-aux_modern_heading\" data-id=\"77fc1d2\" data-element_type=\"widget\" data-widget_type=\"aux_modern_heading.default\">\n\t\t\t\t<div class=\"elementor-widget-container\">\n\t\t\t<section class=\"aux-widget-modern-heading\">\n            <div class=\"aux-widget-inner\"><h2 class=\"aux-modern-heading-primary\">Restons en Contact\n<\/h2><div class=\"aux-modern-heading-description\"><div class=\"elementor-element elementor-element-352d436a elementor-widget elementor-widget-text-editor\" data-id=\"352d436a\" data-element_type=\"widget\" data-widget_type=\"text-editor.default\"><div class=\"elementor-widget-container\"><p>Contactez notre \u00e9quipe pour discuter de vos besoins sp\u00e9cifiques.<\/p><\/div><\/div><\/div><\/div>\n        <\/section>\t\t<\/div>\n\t\t\t\t<\/div>\n\t\t\t\t<div class=\"elementor-element elementor-element-f7cf50f elementor-widget elementor-widget-aux_modern_button\" data-id=\"f7cf50f\" data-element_type=\"widget\" data-widget_type=\"aux_modern_button.default\">\n\t\t\t\t<div class=\"elementor-widget-container\">\n\t\t\t    <div class=\"aux-modern-button-wrapper aux-modern-button-align-center\" >\n                    <a class=\"aux-modern-button aux-black aux-modern-button-md aux-modern-button-normal aux-modern-button-default aux-icon-\" href=\"https:\/\/neylentech.com\/index.php\/contact\/\">\n                <div class=\"aux-overlay\"><\/div>\n                                    <div class=\"aux-icon \">\n                                            <\/div>\n                                <div class=\"aux-text\">\n<span class=\"aux-text-before\">Nous Consulter<\/span>                <\/div>\n            <\/a>\n            \n    <\/div>\n\n    \t\t<\/div>\n\t\t\t\t<\/div>\n\t\t\t\t\t<\/div>\n\t\t<\/div>\n\t\t\t\t\t<\/div>\n\t\t<\/section>\n\t\t\t\t<\/div>\n\t\t","protected":false},"excerpt":{"rendered":"<p>Votre partenaire s\u00e9curit\u00e9 de confiance Neylen Tech est une entreprise sp\u00e9cialis\u00e9e dans la conception et la mise en \u0153uvre de solutions de s\u00e9curit\u00e9 sur mesure, adapt\u00e9es aux besoins sp\u00e9cifiques de chaque organisation. Forts de notre expertise en mati\u00e8re de s\u00e9curit\u00e9, de t\u00e9l\u00e9surveillance, de protection et d&#8217;informatique, nous accompagnons nos clients dans leur d\u00e9marche de s\u00e9curisation. [&hellip;]<\/p>\n","protected":false},"author":1,"featured_media":0,"parent":0,"menu_order":0,"comment_status":"closed","ping_status":"closed","template":"templates\/page-builder-content.php","meta":{"footnotes":""},"class_list":["post-63","page","type-page","status-publish","hentry"],"_links":{"self":[{"href":"https:\/\/neylentech.com\/index.php\/wp-json\/wp\/v2\/pages\/63","targetHints":{"allow":["GET"]}}],"collection":[{"href":"https:\/\/neylentech.com\/index.php\/wp-json\/wp\/v2\/pages"}],"about":[{"href":"https:\/\/neylentech.com\/index.php\/wp-json\/wp\/v2\/types\/page"}],"author":[{"embeddable":true,"href":"https:\/\/neylentech.com\/index.php\/wp-json\/wp\/v2\/users\/1"}],"replies":[{"embeddable":true,"href":"https:\/\/neylentech.com\/index.php\/wp-json\/wp\/v2\/comments?post=63"}],"version-history":[{"count":85,"href":"https:\/\/neylentech.com\/index.php\/wp-json\/wp\/v2\/pages\/63\/revisions"}],"predecessor-version":[{"id":836,"href":"https:\/\/neylentech.com\/index.php\/wp-json\/wp\/v2\/pages\/63\/revisions\/836"}],"wp:attachment":[{"href":"https:\/\/neylentech.com\/index.php\/wp-json\/wp\/v2\/media?parent=63"}],"curies":[{"name":"wp","href":"https:\/\/api.w.org\/{rel}","templated":true}]}}