{"id":64,"date":"2018-08-27T10:20:17","date_gmt":"2018-08-27T08:20:17","guid":{"rendered":"https:\/\/neylentech.com\/index.php\/services\/"},"modified":"2024-08-22T18:41:43","modified_gmt":"2024-08-22T16:41:43","slug":"nos-solutions","status":"publish","type":"page","link":"https:\/\/neylentech.com\/index.php\/nos-solutions\/","title":{"rendered":"Nos Solutions"},"content":{"rendered":"\t\t<div data-elementor-type=\"wp-post\" data-elementor-id=\"64\" class=\"elementor elementor-64\">\n\t\t\t\t\t\t<section class=\"elementor-section elementor-top-section elementor-element elementor-element-b6fa789 aux-appear-watch-animation aux-mask-from-top elementor-section-boxed elementor-section-height-default elementor-section-height-default\" data-id=\"b6fa789\" data-element_type=\"section\" data-settings=\"{&quot;background_background&quot;:&quot;classic&quot;}\">\n\t\t\t\t\t\t<div class=\"elementor-container elementor-column-gap-no\">\n\t\t\t\t\t<div class=\"aux-parallax-section elementor-column elementor-col-100 elementor-top-column elementor-element elementor-element-c4818f5\" data-id=\"c4818f5\" data-element_type=\"column\">\n\t\t\t<div class=\"elementor-widget-wrap\">\n\t\t\t\t\t\t\t<\/div>\n\t\t<\/div>\n\t\t\t\t\t<\/div>\n\t\t<\/section>\n\t\t\t\t<section class=\"elementor-section elementor-top-section elementor-element elementor-element-77837ade elementor-section-content-middle elementor-section-full_width elementor-reverse-mobile elementor-reverse-tablet elementor-section-height-default elementor-section-height-default\" data-id=\"77837ade\" data-element_type=\"section\" data-settings=\"{&quot;background_background&quot;:&quot;classic&quot;}\">\n\t\t\t\t\t\t<div class=\"elementor-container elementor-column-gap-no\">\n\t\t\t\t\t<div class=\"aux-parallax-section elementor-column elementor-col-50 elementor-top-column elementor-element elementor-element-3924fc25\" data-id=\"3924fc25\" data-element_type=\"column\">\n\t\t\t<div class=\"elementor-widget-wrap elementor-element-populated\">\n\t\t\t\t\t\t<div class=\"elementor-element elementor-element-6a007b5 elementor-widget elementor-widget-image\" data-id=\"6a007b5\" data-element_type=\"widget\" data-widget_type=\"image.default\">\n\t\t\t\t<div class=\"elementor-widget-container\">\n\t\t\t\t\t\t\t\t\t\t\t\t\t<img fetchpriority=\"high\" decoding=\"async\" width=\"1024\" height=\"1024\" src=\"https:\/\/neylentech.com\/wp-content\/uploads\/2024\/08\/pexels-scottwebb-430208-1024x1024.jpg\" class=\"attachment-large size-large wp-image-156\" alt=\"\" srcset=\"https:\/\/neylentech.com\/wp-content\/uploads\/2024\/08\/pexels-scottwebb-430208-1024x1024.jpg 1024w, https:\/\/neylentech.com\/wp-content\/uploads\/2024\/08\/pexels-scottwebb-430208-300x300.jpg 300w, https:\/\/neylentech.com\/wp-content\/uploads\/2024\/08\/pexels-scottwebb-430208-150x150.jpg 150w, https:\/\/neylentech.com\/wp-content\/uploads\/2024\/08\/pexels-scottwebb-430208-768x768.jpg 768w\" sizes=\"(max-width: 1024px) 100vw, 1024px\" \/>\t\t\t\t\t\t\t\t\t\t\t\t\t<\/div>\n\t\t\t\t<\/div>\n\t\t\t\t\t<\/div>\n\t\t<\/div>\n\t\t\t\t<div class=\"aux-parallax-section elementor-column elementor-col-50 elementor-top-column elementor-element elementor-element-33c88ff\" data-id=\"33c88ff\" data-element_type=\"column\">\n\t\t\t<div class=\"elementor-widget-wrap elementor-element-populated\">\n\t\t\t\t\t\t<div class=\"elementor-element elementor-element-16b6d136 elementor-widget elementor-widget-heading\" data-id=\"16b6d136\" data-element_type=\"widget\" data-widget_type=\"heading.default\">\n\t\t\t\t<div class=\"elementor-widget-container\">\n\t\t\t<h1 class=\"elementor-heading-title elementor-size-default\">Nos Solutions<\/h1>\t\t<\/div>\n\t\t\t\t<\/div>\n\t\t\t\t<div class=\"elementor-element elementor-element-13be9985 elementor-widget elementor-widget-text-editor\" data-id=\"13be9985\" data-element_type=\"widget\" data-widget_type=\"text-editor.default\">\n\t\t\t\t<div class=\"elementor-widget-container\">\n\t\t\t\t\t\t\t<p>Neylen Tech est un expert en solutions de s\u00e9curit\u00e9 sur mesure, alliant technologie de pointe et expertise humaine pour r\u00e9pondre aux besoins sp\u00e9cifiques de chaque organisation. Nos solutions couvrent un large spectre, de la t\u00e9l\u00e9surveillance \u00e0 la cybers\u00e9curit\u00e9, en passant par la protection des infrastructures critiques.<\/p>\t\t\t\t\t\t<\/div>\n\t\t\t\t<\/div>\n\t\t\t\t\t<\/div>\n\t\t<\/div>\n\t\t\t\t\t<\/div>\n\t\t<\/section>\n\t\t\t\t<section class=\"elementor-section elementor-top-section elementor-element elementor-element-6bd6d783 elementor-section-content-middle elementor-section-full_width elementor-section-height-default elementor-section-height-default\" data-id=\"6bd6d783\" data-element_type=\"section\" data-settings=\"{&quot;background_background&quot;:&quot;classic&quot;}\">\n\t\t\t\t\t\t<div class=\"elementor-container elementor-column-gap-no\">\n\t\t\t\t\t<div class=\"aux-parallax-section elementor-column elementor-col-50 elementor-top-column elementor-element elementor-element-2938423e\" data-id=\"2938423e\" data-element_type=\"column\">\n\t\t\t<div class=\"elementor-widget-wrap elementor-element-populated\">\n\t\t\t\t\t\t<div class=\"elementor-element elementor-element-7c858697 elementor-widget elementor-widget-heading\" data-id=\"7c858697\" data-element_type=\"widget\" data-widget_type=\"heading.default\">\n\t\t\t\t<div class=\"elementor-widget-container\">\n\t\t\t<h2 class=\"elementor-heading-title elementor-size-default\">S\u00e9curit\u00e9<\/h2>\t\t<\/div>\n\t\t\t\t<\/div>\n\t\t\t\t<div class=\"elementor-element elementor-element-356a751d elementor-widget elementor-widget-text-editor\" data-id=\"356a751d\" data-element_type=\"widget\" data-widget_type=\"text-editor.default\">\n\t\t\t\t<div class=\"elementor-widget-container\">\n\t\t\t\t\t\t\t<p>Neylen Tech se positionne comme un acteur majeur dans la conception et l&#8217;int\u00e9gration de syst\u00e8mes de s\u00e9curit\u00e9 hautement performants, r\u00e9pondant aux besoins sp\u00e9cifiques des infrastructures critiques et des projets d&#8217;envergure, tant dans le secteur public que priv\u00e9.<\/p>\t\t\t\t\t\t<\/div>\n\t\t\t\t<\/div>\n\t\t\t\t<div class=\"elementor-element elementor-element-de70110 elementor-widget elementor-widget-aux_modern_button\" data-id=\"de70110\" data-element_type=\"widget\" data-widget_type=\"aux_modern_button.default\">\n\t\t\t\t<div class=\"elementor-widget-container\">\n\t\t\t    <div class=\"aux-modern-button-wrapper aux-modern-button-align-left\" >\n                    <a class=\"aux-modern-button aux-white aux-modern-button-md aux-modern-button-normal aux-modern-button-default aux-icon-\" href=\"https:\/\/neylentech.com\/index.php\/securite\/\">\n                <div class=\"aux-overlay\"><\/div>\n                                    <div class=\"aux-icon \">\n                                            <\/div>\n                                <div class=\"aux-text\">\n<span class=\"aux-text-before\">Voir Plus<\/span>                <\/div>\n            <\/a>\n            \n    <\/div>\n\n    \t\t<\/div>\n\t\t\t\t<\/div>\n\t\t\t\t\t<\/div>\n\t\t<\/div>\n\t\t\t\t<div class=\"aux-parallax-section elementor-column elementor-col-50 elementor-top-column elementor-element elementor-element-4bc93cb9\" data-id=\"4bc93cb9\" data-element_type=\"column\">\n\t\t\t<div class=\"elementor-widget-wrap elementor-element-populated\">\n\t\t\t\t\t\t<div class=\"elementor-element elementor-element-326a9390 elementor-widget elementor-widget-image\" data-id=\"326a9390\" data-element_type=\"widget\" data-widget_type=\"image.default\">\n\t\t\t\t<div class=\"elementor-widget-container\">\n\t\t\t\t\t\t\t\t\t\t\t\t\t<img decoding=\"async\" width=\"1024\" height=\"1024\" src=\"https:\/\/neylentech.com\/wp-content\/uploads\/2024\/08\/pexels-tima-miroshnichenko-6254389-1024x1024.jpg\" class=\"attachment-large size-large wp-image-160\" alt=\"\" srcset=\"https:\/\/neylentech.com\/wp-content\/uploads\/2024\/08\/pexels-tima-miroshnichenko-6254389-1024x1024.jpg 1024w, https:\/\/neylentech.com\/wp-content\/uploads\/2024\/08\/pexels-tima-miroshnichenko-6254389-300x300.jpg 300w, https:\/\/neylentech.com\/wp-content\/uploads\/2024\/08\/pexels-tima-miroshnichenko-6254389-150x150.jpg 150w, https:\/\/neylentech.com\/wp-content\/uploads\/2024\/08\/pexels-tima-miroshnichenko-6254389-768x768.jpg 768w\" sizes=\"(max-width: 1024px) 100vw, 1024px\" \/>\t\t\t\t\t\t\t\t\t\t\t\t\t<\/div>\n\t\t\t\t<\/div>\n\t\t\t\t\t<\/div>\n\t\t<\/div>\n\t\t\t\t\t<\/div>\n\t\t<\/section>\n\t\t\t\t<section class=\"elementor-section elementor-top-section elementor-element elementor-element-485e9624 elementor-section-content-middle elementor-section-full_width elementor-reverse-mobile elementor-section-height-default elementor-section-height-default\" data-id=\"485e9624\" data-element_type=\"section\" data-settings=\"{&quot;background_background&quot;:&quot;classic&quot;}\">\n\t\t\t\t\t\t<div class=\"elementor-container elementor-column-gap-no\">\n\t\t\t\t\t<div class=\"aux-parallax-section elementor-column elementor-col-50 elementor-top-column elementor-element elementor-element-748fc683\" data-id=\"748fc683\" data-element_type=\"column\">\n\t\t\t<div class=\"elementor-widget-wrap elementor-element-populated\">\n\t\t\t\t\t\t<div class=\"elementor-element elementor-element-7f75e8ee elementor-widget elementor-widget-image\" data-id=\"7f75e8ee\" data-element_type=\"widget\" data-widget_type=\"image.default\">\n\t\t\t\t<div class=\"elementor-widget-container\">\n\t\t\t\t\t\t\t\t\t\t\t\t\t<img decoding=\"async\" width=\"1024\" height=\"1024\" src=\"https:\/\/neylentech.com\/wp-content\/uploads\/2024\/08\/pexels-pixabay-207574-1024x1024.jpg\" class=\"attachment-large size-large wp-image-164\" alt=\"\" srcset=\"https:\/\/neylentech.com\/wp-content\/uploads\/2024\/08\/pexels-pixabay-207574-1024x1024.jpg 1024w, https:\/\/neylentech.com\/wp-content\/uploads\/2024\/08\/pexels-pixabay-207574-300x300.jpg 300w, https:\/\/neylentech.com\/wp-content\/uploads\/2024\/08\/pexels-pixabay-207574-150x150.jpg 150w, https:\/\/neylentech.com\/wp-content\/uploads\/2024\/08\/pexels-pixabay-207574-768x768.jpg 768w\" sizes=\"(max-width: 1024px) 100vw, 1024px\" \/>\t\t\t\t\t\t\t\t\t\t\t\t\t<\/div>\n\t\t\t\t<\/div>\n\t\t\t\t\t<\/div>\n\t\t<\/div>\n\t\t\t\t<div class=\"aux-parallax-section elementor-column elementor-col-50 elementor-top-column elementor-element elementor-element-21adc4b9\" data-id=\"21adc4b9\" data-element_type=\"column\">\n\t\t\t<div class=\"elementor-widget-wrap elementor-element-populated\">\n\t\t\t\t\t\t<div class=\"elementor-element elementor-element-19630916 elementor-widget elementor-widget-heading\" data-id=\"19630916\" data-element_type=\"widget\" data-widget_type=\"heading.default\">\n\t\t\t\t<div class=\"elementor-widget-container\">\n\t\t\t<h2 class=\"elementor-heading-title elementor-size-default\">T\u00e9l\u00e9surveillance<\/h2>\t\t<\/div>\n\t\t\t\t<\/div>\n\t\t\t\t<div class=\"elementor-element elementor-element-557568cd elementor-widget elementor-widget-text-editor\" data-id=\"557568cd\" data-element_type=\"widget\" data-widget_type=\"text-editor.default\">\n\t\t\t\t<div class=\"elementor-widget-container\">\n\t\t\t\t\t\t\t<p>Neylen Tech con\u00e7oit des solutions de t\u00e9l\u00e9surveillance sur mesure, adapt\u00e9es \u00e0 vos besoins sp\u00e9cifiques, qu&#8217;il s&#8217;agisse d&#8217;un site unique ou d&#8217;un r\u00e9seau \u00e9tendu. Nos syst\u00e8mes, \u00e0 la pointe de la technologie, s&#8217;int\u00e8grent parfaitement \u00e0 votre environnement existant.<\/p>\t\t\t\t\t\t<\/div>\n\t\t\t\t<\/div>\n\t\t\t\t<div class=\"elementor-element elementor-element-d1a6b9f elementor-widget elementor-widget-aux_modern_button\" data-id=\"d1a6b9f\" data-element_type=\"widget\" data-widget_type=\"aux_modern_button.default\">\n\t\t\t\t<div class=\"elementor-widget-container\">\n\t\t\t    <div class=\"aux-modern-button-wrapper aux-modern-button-align-left\" >\n                    <a class=\"aux-modern-button aux-white aux-modern-button-md aux-modern-button-normal aux-modern-button-default aux-icon-\" href=\"https:\/\/neylentech.com\/index.php\/telesurveillance\/\">\n                <div class=\"aux-overlay\"><\/div>\n                                    <div class=\"aux-icon \">\n                                            <\/div>\n                                <div class=\"aux-text\">\n<span class=\"aux-text-before\">Voir Plus<\/span>                <\/div>\n            <\/a>\n            \n    <\/div>\n\n    \t\t<\/div>\n\t\t\t\t<\/div>\n\t\t\t\t\t<\/div>\n\t\t<\/div>\n\t\t\t\t\t<\/div>\n\t\t<\/section>\n\t\t\t\t<section class=\"elementor-section elementor-top-section elementor-element elementor-element-f26116a elementor-section-content-middle elementor-section-full_width elementor-section-height-default elementor-section-height-default\" data-id=\"f26116a\" data-element_type=\"section\" data-settings=\"{&quot;background_background&quot;:&quot;classic&quot;}\">\n\t\t\t\t\t\t<div class=\"elementor-container elementor-column-gap-no\">\n\t\t\t\t\t<div class=\"aux-parallax-section elementor-column elementor-col-50 elementor-top-column elementor-element elementor-element-a20741c\" data-id=\"a20741c\" data-element_type=\"column\">\n\t\t\t<div class=\"elementor-widget-wrap elementor-element-populated\">\n\t\t\t\t\t\t<div class=\"elementor-element elementor-element-7c0ee68a elementor-widget elementor-widget-heading\" data-id=\"7c0ee68a\" data-element_type=\"widget\" data-widget_type=\"heading.default\">\n\t\t\t\t<div class=\"elementor-widget-container\">\n\t\t\t<h2 class=\"elementor-heading-title elementor-size-default\">Protection<\/h2>\t\t<\/div>\n\t\t\t\t<\/div>\n\t\t\t\t<div class=\"elementor-element elementor-element-1b803835 elementor-widget elementor-widget-text-editor\" data-id=\"1b803835\" data-element_type=\"widget\" data-widget_type=\"text-editor.default\">\n\t\t\t\t<div class=\"elementor-widget-container\">\n\t\t\t\t\t\t\t<p>Nos solutions de s\u00e9curit\u00e9 incendie, con\u00e7ues par Neylen Tech, s&#8217;adaptent \u00e0 vos besoins sp\u00e9cifiques, qu&#8217;il s&#8217;agisse de d\u00e9tection incendie, de signalisation ou de notification d&#8217;urgence.<\/p>\t\t\t\t\t\t<\/div>\n\t\t\t\t<\/div>\n\t\t\t\t<div class=\"elementor-element elementor-element-603268d elementor-widget elementor-widget-aux_modern_button\" data-id=\"603268d\" data-element_type=\"widget\" data-widget_type=\"aux_modern_button.default\">\n\t\t\t\t<div class=\"elementor-widget-container\">\n\t\t\t    <div class=\"aux-modern-button-wrapper aux-modern-button-align-left\" >\n                    <a class=\"aux-modern-button aux-white aux-modern-button-md aux-modern-button-normal aux-modern-button-default aux-icon-\" href=\"https:\/\/neylentech.com\/index.php\/protection\/\">\n                <div class=\"aux-overlay\"><\/div>\n                                    <div class=\"aux-icon \">\n                                            <\/div>\n                                <div class=\"aux-text\">\n<span class=\"aux-text-before\">Voir Plus<\/span>                <\/div>\n            <\/a>\n            \n    <\/div>\n\n    \t\t<\/div>\n\t\t\t\t<\/div>\n\t\t\t\t\t<\/div>\n\t\t<\/div>\n\t\t\t\t<div class=\"aux-parallax-section elementor-column elementor-col-50 elementor-top-column elementor-element elementor-element-5e193717\" data-id=\"5e193717\" data-element_type=\"column\">\n\t\t\t<div class=\"elementor-widget-wrap elementor-element-populated\">\n\t\t\t\t\t\t<div class=\"elementor-element elementor-element-1e86660f elementor-widget elementor-widget-image\" data-id=\"1e86660f\" data-element_type=\"widget\" data-widget_type=\"image.default\">\n\t\t\t\t<div class=\"elementor-widget-container\">\n\t\t\t\t\t\t\t\t\t\t\t\t\t<img loading=\"lazy\" decoding=\"async\" width=\"1024\" height=\"1024\" src=\"https:\/\/neylentech.com\/wp-content\/uploads\/2024\/08\/pexels-jan-van-der-wolf-11680885-19143940-1024x1024.jpg\" class=\"attachment-large size-large wp-image-172\" alt=\"\" srcset=\"https:\/\/neylentech.com\/wp-content\/uploads\/2024\/08\/pexels-jan-van-der-wolf-11680885-19143940-1024x1024.jpg 1024w, https:\/\/neylentech.com\/wp-content\/uploads\/2024\/08\/pexels-jan-van-der-wolf-11680885-19143940-300x300.jpg 300w, https:\/\/neylentech.com\/wp-content\/uploads\/2024\/08\/pexels-jan-van-der-wolf-11680885-19143940-150x150.jpg 150w, https:\/\/neylentech.com\/wp-content\/uploads\/2024\/08\/pexels-jan-van-der-wolf-11680885-19143940-768x768.jpg 768w\" sizes=\"(max-width: 1024px) 100vw, 1024px\" \/>\t\t\t\t\t\t\t\t\t\t\t\t\t<\/div>\n\t\t\t\t<\/div>\n\t\t\t\t\t<\/div>\n\t\t<\/div>\n\t\t\t\t\t<\/div>\n\t\t<\/section>\n\t\t\t\t<section class=\"elementor-section elementor-top-section elementor-element elementor-element-e277682 elementor-section-content-middle elementor-section-full_width elementor-reverse-mobile elementor-section-height-default elementor-section-height-default\" data-id=\"e277682\" data-element_type=\"section\" data-settings=\"{&quot;background_background&quot;:&quot;classic&quot;}\">\n\t\t\t\t\t\t<div class=\"elementor-container elementor-column-gap-no\">\n\t\t\t\t\t<div class=\"aux-parallax-section elementor-column elementor-col-50 elementor-top-column elementor-element elementor-element-78520ee\" data-id=\"78520ee\" data-element_type=\"column\">\n\t\t\t<div class=\"elementor-widget-wrap elementor-element-populated\">\n\t\t\t\t\t\t<div class=\"elementor-element elementor-element-bca0724 elementor-widget elementor-widget-image\" data-id=\"bca0724\" data-element_type=\"widget\" data-widget_type=\"image.default\">\n\t\t\t\t<div class=\"elementor-widget-container\">\n\t\t\t\t\t\t\t\t\t\t\t\t\t<img loading=\"lazy\" decoding=\"async\" width=\"1024\" height=\"1024\" src=\"https:\/\/neylentech.com\/wp-content\/uploads\/2024\/08\/pexels-alberlan-16018144-1024x1024.jpg\" class=\"attachment-large size-large wp-image-177\" alt=\"\" srcset=\"https:\/\/neylentech.com\/wp-content\/uploads\/2024\/08\/pexels-alberlan-16018144-1024x1024.jpg 1024w, https:\/\/neylentech.com\/wp-content\/uploads\/2024\/08\/pexels-alberlan-16018144-300x300.jpg 300w, https:\/\/neylentech.com\/wp-content\/uploads\/2024\/08\/pexels-alberlan-16018144-150x150.jpg 150w, https:\/\/neylentech.com\/wp-content\/uploads\/2024\/08\/pexels-alberlan-16018144-768x768.jpg 768w\" sizes=\"(max-width: 1024px) 100vw, 1024px\" \/>\t\t\t\t\t\t\t\t\t\t\t\t\t<\/div>\n\t\t\t\t<\/div>\n\t\t\t\t\t<\/div>\n\t\t<\/div>\n\t\t\t\t<div class=\"aux-parallax-section elementor-column elementor-col-50 elementor-top-column elementor-element elementor-element-aed886d\" data-id=\"aed886d\" data-element_type=\"column\">\n\t\t\t<div class=\"elementor-widget-wrap elementor-element-populated\">\n\t\t\t\t\t\t<div class=\"elementor-element elementor-element-bf4a0f5 elementor-widget elementor-widget-heading\" data-id=\"bf4a0f5\" data-element_type=\"widget\" data-widget_type=\"heading.default\">\n\t\t\t\t<div class=\"elementor-widget-container\">\n\t\t\t<h2 class=\"elementor-heading-title elementor-size-default\">Informatique<\/h2>\t\t<\/div>\n\t\t\t\t<\/div>\n\t\t\t\t<div class=\"elementor-element elementor-element-3babf05 elementor-widget elementor-widget-text-editor\" data-id=\"3babf05\" data-element_type=\"widget\" data-widget_type=\"text-editor.default\">\n\t\t\t\t<div class=\"elementor-widget-container\">\n\t\t\t\t\t\t\t<p>Neylen Tech est votre partenaire privil\u00e9gi\u00e9 pour optimiser votre parc informatique. Forts de notre expertise, nous r\u00e9alisons un audit personnalis\u00e9 de vos besoins et vous proposons des solutions sur mesure, de l&#8217;installation \u00e0 la maintenance.<\/p>\t\t\t\t\t\t<\/div>\n\t\t\t\t<\/div>\n\t\t\t\t<div class=\"elementor-element elementor-element-7ad0f2a elementor-widget elementor-widget-aux_modern_button\" data-id=\"7ad0f2a\" data-element_type=\"widget\" data-widget_type=\"aux_modern_button.default\">\n\t\t\t\t<div class=\"elementor-widget-container\">\n\t\t\t    <div class=\"aux-modern-button-wrapper aux-modern-button-align-left\" >\n                    <a class=\"aux-modern-button aux-white aux-modern-button-md aux-modern-button-normal aux-modern-button-default aux-icon-\" href=\"https:\/\/neylentech.com\/index.php\/informatique\/\">\n                <div class=\"aux-overlay\"><\/div>\n                                    <div class=\"aux-icon \">\n                                            <\/div>\n                                <div class=\"aux-text\">\n<span class=\"aux-text-before\">Voir Plus<\/span>                <\/div>\n            <\/a>\n            \n    <\/div>\n\n    \t\t<\/div>\n\t\t\t\t<\/div>\n\t\t\t\t\t<\/div>\n\t\t<\/div>\n\t\t\t\t\t<\/div>\n\t\t<\/section>\n\t\t\t\t<section class=\"elementor-section elementor-top-section elementor-element elementor-element-0f19085 elementor-section-boxed elementor-section-height-default elementor-section-height-default\" data-id=\"0f19085\" data-element_type=\"section\">\n\t\t\t\t\t\t<div class=\"elementor-container elementor-column-gap-default\">\n\t\t\t\t\t<div class=\"aux-parallax-section elementor-column elementor-col-100 elementor-top-column elementor-element elementor-element-1da718b\" data-id=\"1da718b\" data-element_type=\"column\">\n\t\t\t<div class=\"elementor-widget-wrap elementor-element-populated\">\n\t\t\t\t\t\t<div class=\"elementor-element elementor-element-129b90c elementor-widget elementor-widget-spacer\" data-id=\"129b90c\" data-element_type=\"widget\" data-widget_type=\"spacer.default\">\n\t\t\t\t<div class=\"elementor-widget-container\">\n\t\t\t\t\t<div class=\"elementor-spacer\">\n\t\t\t<div class=\"elementor-spacer-inner\"><\/div>\n\t\t<\/div>\n\t\t\t\t<\/div>\n\t\t\t\t<\/div>\n\t\t\t\t\t<\/div>\n\t\t<\/div>\n\t\t\t\t\t<\/div>\n\t\t<\/section>\n\t\t\t\t<section class=\"elementor-section elementor-top-section elementor-element elementor-element-c5ae289 aux-bs-get-started aux-bs-footer-scale elementor-section-boxed elementor-section-height-default elementor-section-height-default\" data-id=\"c5ae289\" data-element_type=\"section\" data-settings=\"{&quot;background_background&quot;:&quot;classic&quot;}\">\n\t\t\t\t\t\t<div class=\"elementor-container elementor-column-gap-default\">\n\t\t\t\t\t<div class=\"aux-parallax-section elementor-column elementor-col-100 elementor-top-column elementor-element elementor-element-e2a7165\" data-id=\"e2a7165\" data-element_type=\"column\">\n\t\t\t<div class=\"elementor-widget-wrap elementor-element-populated\">\n\t\t\t\t\t\t<div class=\"elementor-element elementor-element-e2f39f9 elementor-widget elementor-widget-aux_modern_heading\" data-id=\"e2f39f9\" data-element_type=\"widget\" data-widget_type=\"aux_modern_heading.default\">\n\t\t\t\t<div class=\"elementor-widget-container\">\n\t\t\t<section class=\"aux-widget-modern-heading\">\n            <div class=\"aux-widget-inner\"><h2 class=\"aux-modern-heading-primary\">Neylen Tech\n<\/h2><div class=\"aux-modern-heading-description\"><p>Solutions de s\u00e9curit\u00e9 sur mesure. Notre \u00e9quipe d'experts est \u00e0 votre \u00e9coute pour vous accompagner.<\/p><\/div><\/div>\n        <\/section>\t\t<\/div>\n\t\t\t\t<\/div>\n\t\t\t\t<div class=\"elementor-element elementor-element-e3f57ba elementor-widget elementor-widget-aux_modern_button\" data-id=\"e3f57ba\" data-element_type=\"widget\" data-widget_type=\"aux_modern_button.default\">\n\t\t\t\t<div class=\"elementor-widget-container\">\n\t\t\t    <div class=\"aux-modern-button-wrapper aux-modern-button-align-center\" >\n                    <a class=\"aux-modern-button aux-black aux-modern-button-md aux-modern-button-normal aux-modern-button-default aux-icon-\" href=\"https:\/\/neylentech.com\/index.php\/contact\/\">\n                <div class=\"aux-overlay\"><\/div>\n                                    <div class=\"aux-icon \">\n                                            <\/div>\n                                <div class=\"aux-text\">\n<span class=\"aux-text-before\">Nous consulter<\/span>                <\/div>\n            <\/a>\n            \n    <\/div>\n\n    \t\t<\/div>\n\t\t\t\t<\/div>\n\t\t\t\t\t<\/div>\n\t\t<\/div>\n\t\t\t\t\t<\/div>\n\t\t<\/section>\n\t\t\t\t<\/div>\n\t\t","protected":false},"excerpt":{"rendered":"<p>Nos Solutions Neylen Tech est un expert en solutions de s\u00e9curit\u00e9 sur mesure, alliant technologie de pointe et expertise humaine pour r\u00e9pondre aux besoins sp\u00e9cifiques de chaque organisation. Nos solutions couvrent un large spectre, de la t\u00e9l\u00e9surveillance \u00e0 la cybers\u00e9curit\u00e9, en passant par la protection des infrastructures critiques. S\u00e9curit\u00e9 Neylen Tech se positionne comme un [&hellip;]<\/p>\n","protected":false},"author":1,"featured_media":0,"parent":0,"menu_order":0,"comment_status":"closed","ping_status":"closed","template":"templates\/page-builder-content.php","meta":{"footnotes":""},"class_list":["post-64","page","type-page","status-publish","hentry"],"_links":{"self":[{"href":"https:\/\/neylentech.com\/index.php\/wp-json\/wp\/v2\/pages\/64","targetHints":{"allow":["GET"]}}],"collection":[{"href":"https:\/\/neylentech.com\/index.php\/wp-json\/wp\/v2\/pages"}],"about":[{"href":"https:\/\/neylentech.com\/index.php\/wp-json\/wp\/v2\/types\/page"}],"author":[{"embeddable":true,"href":"https:\/\/neylentech.com\/index.php\/wp-json\/wp\/v2\/users\/1"}],"replies":[{"embeddable":true,"href":"https:\/\/neylentech.com\/index.php\/wp-json\/wp\/v2\/comments?post=64"}],"version-history":[{"count":109,"href":"https:\/\/neylentech.com\/index.php\/wp-json\/wp\/v2\/pages\/64\/revisions"}],"predecessor-version":[{"id":857,"href":"https:\/\/neylentech.com\/index.php\/wp-json\/wp\/v2\/pages\/64\/revisions\/857"}],"wp:attachment":[{"href":"https:\/\/neylentech.com\/index.php\/wp-json\/wp\/v2\/media?parent=64"}],"curies":[{"name":"wp","href":"https:\/\/api.w.org\/{rel}","templated":true}]}}